{"id":10086,"date":"2023-05-18T14:52:49","date_gmt":"2023-05-18T14:52:49","guid":{"rendered":"https:\/\/peopaygo.com\/?page_id=10086"},"modified":"2025-03-26T12:49:17","modified_gmt":"2025-03-26T12:49:17","slug":"workers-comp-class-codes","status":"publish","type":"page","link":"https:\/\/peopaygo.com\/es\/workers-comp-class-codes\/","title":{"rendered":"C\u00f3digos de clase Workers Comp"},"content":{"rendered":"<div data-elementor-type=\"wp-page\" data-elementor-id=\"10086\" class=\"elementor elementor-10086\" data-elementor-post-type=\"page\">\n\t\t\t\t<div class=\"elementor-element elementor-element-36d5f32 e-flex e-con-boxed e-con e-parent\" data-id=\"36d5f32\" data-element_type=\"container\" data-e-type=\"container\">\n\t\t\t\t\t<div class=\"e-con-inner\">\n\t\t\t\t<div class=\"elementor-element elementor-element-3ed1625 elementor-widget elementor-widget-heading\" data-id=\"3ed1625\" data-element_type=\"widget\" data-e-type=\"widget\" data-widget_type=\"heading.default\">\n\t\t\t\t<div class=\"elementor-widget-container\">\n\t\t\t\t\t<h1 class=\"elementor-heading-title elementor-size-default\">C\u00f3digos de clase Workers Comp<\/h1>\t\t\t\t<\/div>\n\t\t\t\t<\/div>\n\t\t\t\t<div class=\"elementor-element elementor-element-3fe8cd3 elementor-widget elementor-widget-text-editor\" data-id=\"3fe8cd3\" data-element_type=\"widget\" data-e-type=\"widget\" data-widget_type=\"text-editor.default\">\n\t\t\t\t<div class=\"elementor-widget-container\">\n\t\t\t\t\t\t\t\t\t<p>Los c\u00f3digos de clase son c\u00f3digos de cuatro d\u00edgitos, elaborados por el Consejo Nacional de Seguros de Indemnizaci\u00f3n, que se utilizan para clasificar las empresas a efectos del seguro de indemnizaci\u00f3n por accidentes de trabajo. Por ejemplo, un enmarcador se considerar\u00eda c\u00f3digo NCCI \"5645\".<\/p>\t\t\t\t\t\t\t\t<\/div>\n\t\t\t\t<\/div>\n\t\t\t\t<div class=\"elementor-element elementor-element-add57fd elementor-widget elementor-widget-text-editor\" data-id=\"add57fd\" data-element_type=\"widget\" data-e-type=\"widget\" data-widget_type=\"text-editor.default\">\n\t\t\t\t<div class=\"elementor-widget-container\">\n\t\t\t\t\t\t\t\t\t<p>Estos c\u00f3digos se utilizan para recopilar datos que ayuden a las compa\u00f1\u00edas de seguros a clasificar y suscribir empresas para el seguro de workers compensaci\u00f3n.<\/p>\t\t\t\t\t\t\t\t<\/div>\n\t\t\t\t<\/div>\n\t\t\t\t<div class=\"elementor-element elementor-element-519f745 elementor-widget elementor-widget-text-editor\" data-id=\"519f745\" data-element_type=\"widget\" data-e-type=\"widget\" data-widget_type=\"text-editor.default\">\n\t\t\t\t<div class=\"elementor-widget-container\">\n\t\t\t\t\t\t\t\t\t<p><span style=\"white-space: pre-wrap;\">El Consejo Nacional recoge estos datos para:<\/span><\/p>\t\t\t\t\t\t\t\t<\/div>\n\t\t\t\t<\/div>\n\t\t\t\t<div class=\"elementor-element elementor-element-2d497fd elementor-widget elementor-widget-text-editor\" data-id=\"2d497fd\" data-element_type=\"widget\" data-e-type=\"widget\" data-widget_type=\"text-editor.default\">\n\t\t\t\t<div class=\"elementor-widget-container\">\n\t\t\t\t\t\t\t\t\t<p>-Fines estad\u00edsticos<br \/>-Fabricaci\u00f3n y presentaci\u00f3n de tarifas.<br \/>-Realizar funciones de administraci\u00f3n de tarifas.<\/p>\t\t\t\t\t\t\t\t<\/div>\n\t\t\t\t<\/div>\n\t\t\t\t<div class=\"elementor-element elementor-element-17e3c77 elementor-widget elementor-widget-heading\" data-id=\"17e3c77\" data-element_type=\"widget\" data-e-type=\"widget\" data-widget_type=\"heading.default\">\n\t\t\t\t<div class=\"elementor-widget-container\">\n\t\t\t\t\t<h2 class=\"elementor-heading-title elementor-size-default\">Fraseolog\u00eda del c\u00f3digo (Estado)<\/h2>\t\t\t\t<\/div>\n\t\t\t\t<\/div>\n\t\t\t\t<div class=\"elementor-element elementor-element-c101975 elementor-widget elementor-widget-shortcode\" data-id=\"c101975\" data-element_type=\"widget\" data-e-type=\"widget\" data-widget_type=\"shortcode.default\">\n\t\t\t\t<div class=\"elementor-widget-container\">\n\t\t\t\t\t\t\t<div class=\"elementor-shortcode\"><div x-data=\"classCode()\">\n  <div\n  x-data=\"classCodeC({name: 'type_of_work'})\"\n  x-on:class-code-type-of-work.window=\"type_of_work = $event.detail\"\n  @click.away=\"closeListbox()\"\n  @keydown.escape=\"closeListbox()\"\n  class=\"relative\">\n  <div\n    class=\"inline-block w-full\"\n  >\n    <button\n      x-ref=\"button\"\n      type=\"button\"\n      @click=\"toggleListboxVisibility()\"\n      :aria-expanded=\"open\"\n      aria-haspopup=\"listbox\"\n      class=\"w-full placeholder-white text-white p-1 border border-black bg-secondary-600\"\n    >\n      <div class=\"flex flex-row items-center\">\n        <input\n          id=\"type_of_work\"\n          x-ref=\"search\"\n          placeholder=\"Escriba el c\u00f3digo o el campo del sector\"\n          :value=\"type_of_work\"\n          x-model=\"search\"\n          @keydown.enter.stop.prevent=\"selectOption()\"\n          @keydown.arrow-up.prevent=\"focusPreviousOption()\"\n          @keydown.arrow-down.prevent=\"focusNextOption()\"\n          type=\"text\"\n          class=\"w-full h-full bg-transparent p-0 border-0 border-white focus:outline-0 focus:outline-none focus:border-none focus:ring-0 placeholder-white p-2 text-white\"\n        \/>\n        <span x-on:click='openListbox()'>\n        <svg\n          class=\"w-5 h-5 text-white\"\n          fill=\"currentColor\"\n          viewbox=\"0 0 20 20\"\n          :class=\"{'rotate-180': open, 'rotate-0': !open}\"\n        >\n          <path\n            fill-rule=\"evenodd\"\n            clip-rule=\"evenodd\"\n            d=\"M6.70711 7.29289C6.31658 6.90237 5.68342 6.90237 5.29289 7.29289C4.90237 7.68342 4.90237 8.31658 5.29289 8.70711L9.29289 12.7071C9.68342 13.0976 10.3166 13.0976 10.7071 12.7071L14.7071 8.70711C15.0976 8.31658 15.0976 7.68342 14.7071 7.29289C14.3166 6.90237 13.6834 6.90237 13.2929 7.29289L10 10.5858L6.70711 7.29289Z\"\n            fill=\"currentColor\"\n          \/>\n        <\/svg>\n      <\/span>\n      <\/div>\n    <\/button>\n  <\/div>\n  <div\n    x-show=\"open\"\n    x-transition:leave=\"transition ease-in duration-100\"\n    x-transition:leave-start=\"opacity-100\"\n    x-transition:leave-end=\"opacity-0\"\n    x-cloak\n class=\"absolute z-10 w-full mt-1 bg-white rounded-md shadow-lg\"\n  >\n    <ul\n      x-ref=\"listbox\"\n      @keydown.enter.stop.prevent=\"selectOption()\"\n      @keydown.arrow-up.prevent=\"focusPreviousOption()\"\n      @keydown.arrow-down.prevent=\"focusNextOption()\"\n      role=\"listbox\"\n      :aria-activedescendant=\"focusedOptionIndex ? name + 'Option' + focusedOptionIndex : null\"\n      tabindex=\"-1\"\n      class=\"py-1 overflow-auto text-base leading-6 rounded-md shadow-xs max-h-60 focus:outline-none sm:text-sm sm:leading-5\"\n    >\n      <template x-for=\"(option, index) in options\" :key=\"index\">\n        <li\n          :id=\"name + 'Option' + focusedOptionIndex\"\n          @click=\"selectOption(index)\"\n          role=\"option\"\n          :aria-selected=\"focusedOptionIndex === index\"\n          :class=\"{ 'text-white bg-primary\/80': index === focusedOptionIndex, 'text-gray-900': index !== focusedOptionIndex }\"\n          class=\"relative py-2 pl-3 text-gray-900 cursor-default select-none pr-9 hover:bg-primary hover:text-white\"\n        >\n          <span x-text=\"option.code +' : '+ option.description\"\n                :class=\"{ 'font-semibold': index === focusedOptionIndex, 'font-normal': index !== focusedOptionIndex }\"\n                class=\"block font-normal truncate\"\n          ><\/span>\n          <span\n            x-show=\"option.description === value\"\n            :class=\"{ 'text-white': index === focusedOptionIndex, 'text-primary': index !== focusedOptionIndex }\"\n            class=\"absolute inset-y-0 right-0 flex items-center pr-4 text-primary\"\n          >\n              <svg class=\"w-5 h-5\" viewbox=\"0 0 20 20\" fill=\"currentColor\">\n                  <path fill-rule=\"evenodd\"\n                        d=\"M16.707 5.293a1 1 0 010 1.414l-8 8a1 1 0 01-1.414 0l-4-4a1 1 0 011.414-1.414L8 12.586l7.293-7.293a1 1 0 011.414 0z\"\n                        clip-rule=\"evenodd\" \/>\n              <\/svg>\n          <\/span>\n        <\/li>\n      <\/template>\n    <\/ul>\n  <\/div>\n<\/div>\n<\/div>\n<\/div>\n\t\t\t\t\t\t<\/div>\n\t\t\t\t<\/div>\n\t\t\t\t\t<\/div>\n\t\t\t\t<\/div>\n\t\t\t\t<\/div>","protected":false},"excerpt":{"rendered":"<p>Workers Comp C\u00f3digos de clase Los c\u00f3digos de clase son c\u00f3digos de cuatro d\u00edgitos, elaborados por el Consejo Nacional de Seguros de Compensaci\u00f3n, que se utilizan para clasificar a las empresas para el seguro de compensaci\u00f3n de trabajadores. Por ejemplo, un enmarcador se considerar\u00eda c\u00f3digo NCCI \"5645\". Estos c\u00f3digos se utilizan para recopilar datos que ayuden a las compa\u00f1\u00edas de seguros a clasificar y suscribir empresas para el seguro de workers compensaci\u00f3n. ... <a href=\"https:\/\/peopaygo.com\/es\/workers-comp-class-codes\/\">Contin\u00faa en<\/a><\/p>","protected":false},"author":1,"featured_media":0,"parent":0,"menu_order":0,"comment_status":"closed","ping_status":"closed","template":"","meta":{"inline_featured_image":false,"footnotes":""},"class_list":["post-10086","page","type-page","status-publish","hentry"],"aioseo_notices":[],"_links":{"self":[{"href":"https:\/\/peopaygo.com\/es\/wp-json\/wp\/v2\/pages\/10086","targetHints":{"allow":["GET"]}}],"collection":[{"href":"https:\/\/peopaygo.com\/es\/wp-json\/wp\/v2\/pages"}],"about":[{"href":"https:\/\/peopaygo.com\/es\/wp-json\/wp\/v2\/types\/page"}],"author":[{"embeddable":true,"href":"https:\/\/peopaygo.com\/es\/wp-json\/wp\/v2\/users\/1"}],"replies":[{"embeddable":true,"href":"https:\/\/peopaygo.com\/es\/wp-json\/wp\/v2\/comments?post=10086"}],"version-history":[{"count":13,"href":"https:\/\/peopaygo.com\/es\/wp-json\/wp\/v2\/pages\/10086\/revisions"}],"predecessor-version":[{"id":16557,"href":"https:\/\/peopaygo.com\/es\/wp-json\/wp\/v2\/pages\/10086\/revisions\/16557"}],"wp:attachment":[{"href":"https:\/\/peopaygo.com\/es\/wp-json\/wp\/v2\/media?parent=10086"}],"curies":[{"name":"wp","href":"https:\/\/api.w.org\/{rel}","templated":true}]}}