{"id":13715,"date":"2023-12-20T18:06:34","date_gmt":"2023-12-20T18:06:34","guid":{"rendered":"https:\/\/peopaygo.com\/?page_id=13715"},"modified":"2025-10-08T16:32:56","modified_gmt":"2025-10-08T16:32:56","slug":"terms-and-conditions","status":"publish","type":"page","link":"https:\/\/peopaygo.com\/es\/terms-and-conditions\/","title":{"rendered":"Condiciones generales"},"content":{"rendered":"<div data-elementor-type=\"wp-page\" data-elementor-id=\"13715\" class=\"elementor elementor-13715\" data-elementor-post-type=\"page\">\n\t\t\t\t\t\t<section class=\"elementor-section elementor-top-section elementor-element elementor-element-60bb20c elementor-section-boxed elementor-section-height-default elementor-section-height-default\" data-id=\"60bb20c\" data-element_type=\"section\" data-e-type=\"section\" data-settings=\"{&quot;background_background&quot;:&quot;gradient&quot;}\">\n\t\t\t\t\t\t<div class=\"elementor-container elementor-column-gap-default\">\n\t\t\t\t\t<div class=\"elementor-column elementor-col-100 elementor-top-column elementor-element elementor-element-cb74afa\" data-id=\"cb74afa\" data-element_type=\"column\" data-e-type=\"column\">\n\t\t\t<div class=\"elementor-widget-wrap elementor-element-populated\">\n\t\t\t\t\t\t<div class=\"elementor-element elementor-element-35bde53 elementor-widget elementor-widget-heading\" data-id=\"35bde53\" data-element_type=\"widget\" data-e-type=\"widget\" data-widget_type=\"heading.default\">\n\t\t\t\t<div class=\"elementor-widget-container\">\n\t\t\t\t\t<h1 class=\"elementor-heading-title elementor-size-default\">Condiciones generales<\/h1>\t\t\t\t<\/div>\n\t\t\t\t<\/div>\n\t\t\t\t\t<\/div>\n\t\t<\/div>\n\t\t\t\t\t<\/div>\n\t\t<\/section>\n\t\t<div class=\"elementor-element elementor-element-874f24f e-flex e-con-boxed e-con e-parent\" data-id=\"874f24f\" data-element_type=\"container\" data-e-type=\"container\">\n\t\t\t\t\t<div class=\"e-con-inner\">\n\t\t\t\t<div class=\"elementor-element elementor-element-3767da7 elementor-widget elementor-widget-toggle\" data-id=\"3767da7\" data-element_type=\"widget\" data-e-type=\"widget\" data-widget_type=\"toggle.default\">\n\t\t\t\t<div class=\"elementor-widget-container\">\n\t\t\t\t\t\t\t<div class=\"elementor-toggle\">\n\t\t\t\t\t\t\t<div class=\"elementor-toggle-item\">\n\t\t\t\t\t<div id=\"elementor-tab-title-5801\" class=\"elementor-tab-title\" data-tab=\"1\" role=\"button\" aria-controls=\"elementor-tab-content-5801\" aria-expanded=\"false\">\n\t\t\t\t\t\t\t\t\t\t\t\t<span class=\"elementor-toggle-icon elementor-toggle-icon-right\" aria-hidden=\"true\">\n\t\t\t\t\t\t\t\t\t\t\t\t\t\t\t<span class=\"elementor-toggle-icon-closed\"><i class=\"fas fa-chevron-circle-down\"><\/i><\/span>\n\t\t\t\t\t\t\t\t<span class=\"elementor-toggle-icon-opened\"><i class=\"elementor-toggle-icon-opened fas fa-chevron-circle-up\"><\/i><\/span>\n\t\t\t\t\t\t\t\t\t\t\t\t\t<\/span>\n\t\t\t\t\t\t\t\t\t\t\t\t<a class=\"elementor-toggle-title\" tabindex=\"0\">Aviso de actividad fraudulenta<\/a>\n\t\t\t\t\t<\/div>\n\n\t\t\t\t\t<div id=\"elementor-tab-content-5801\" class=\"elementor-tab-content elementor-clearfix\" data-tab=\"1\" role=\"region\" aria-labelledby=\"elementor-tab-title-5801\"><p>Tenga en cuenta que determinadas personas pueden dirigirse a usted para obtener informaci\u00f3n confidencial present\u00e1ndose falsamente como nuestros empleados, afiliados, agentes o representantes.<\/p><p>Los empleados, afiliados, agentes o representantes de PEOPayGo nunca solicitar\u00e1n la siguiente informaci\u00f3n como respuesta directa a un correo electr\u00f3nico, mensaje de texto o llamada telef\u00f3nica:<\/p><p>- Informaci\u00f3n de facturaci\u00f3n o pago<\/p><p>- Contrase\u00f1as<\/p><p>\u00danicamente recibimos informaci\u00f3n suya a trav\u00e9s de uno de nuestros formularios en l\u00ednea en nuestros sitios web o aplicaciones.<\/p><p>Puede que reciba un enlace nuestro para acceder a estos formularios a trav\u00e9s de llamadas, correos electr\u00f3nicos o mensajes de texto, pero nunca responda directamente a estas comunicaciones con informaci\u00f3n sensible.<\/p><p>Le recomendamos encarecidamente que tenga cuidado cuando hable con una persona que dice ser de PEOPayGo.<\/p><p>En consecuencia, p\u00f3ngase inmediatamente en contacto con nosotros por correo electr\u00f3nico en la direcci\u00f3n <span style=\"text-decoration: underline;\"><a href=\"mailto:legal@peopaygo.com\">legal@peopaygo.com<\/a><\/span>\u00a0al recibir una necesidad, oferta o invitaci\u00f3n de transacci\u00f3n comercial sospechosa y, adem\u00e1s, notificarlo a la polic\u00eda u otra autoridad competente.<\/p><p>De tales acciones pueden derivarse responsabilidades penales y\/o civiles. Tenemos la intenci\u00f3n de cooperar con las autoridades policiales competentes y pedirles que tomen las medidas oportunas siempre que se produzcan fen\u00f3menos de este tipo.<\/p><p>Tenga en cuenta que, bajo ninguna circunstancia, OCMI III, Inc., dba PEOPayGo, y\/o sus filiales y subsidiarias ser\u00e1n responsables de reclamaciones, p\u00e9rdidas, da\u00f1os, gastos u otros inconvenientes derivados o relacionados de alg\u00fan modo con las acciones de estos impostores.<\/p><\/div>\n\t\t\t\t<\/div>\n\t\t\t\t\t\t\t<div class=\"elementor-toggle-item\">\n\t\t\t\t\t<div id=\"elementor-tab-title-5802\" class=\"elementor-tab-title\" data-tab=\"2\" role=\"button\" aria-controls=\"elementor-tab-content-5802\" aria-expanded=\"false\">\n\t\t\t\t\t\t\t\t\t\t\t\t<span class=\"elementor-toggle-icon elementor-toggle-icon-right\" aria-hidden=\"true\">\n\t\t\t\t\t\t\t\t\t\t\t\t\t\t\t<span class=\"elementor-toggle-icon-closed\"><i class=\"fas fa-chevron-circle-down\"><\/i><\/span>\n\t\t\t\t\t\t\t\t<span class=\"elementor-toggle-icon-opened\"><i class=\"elementor-toggle-icon-opened fas fa-chevron-circle-up\"><\/i><\/span>\n\t\t\t\t\t\t\t\t\t\t\t\t\t<\/span>\n\t\t\t\t\t\t\t\t\t\t\t\t<a class=\"elementor-toggle-title\" tabindex=\"0\">Recogida y uso de sus datos personales<\/a>\n\t\t\t\t\t<\/div>\n\n\t\t\t\t\t<div id=\"elementor-tab-content-5802\" class=\"elementor-tab-content elementor-clearfix\" data-tab=\"2\" role=\"region\" aria-labelledby=\"elementor-tab-title-5802\"><h3><strong>Tipos de datos recogidos<\/strong><\/h3><h3>\u00a0<\/h3><h3><span style=\"text-decoration: underline;\">Datos personales: <\/span>Al utilizar nuestro sitio web, es posible que le pidamos que nos proporcione cierta informaci\u00f3n de identificaci\u00f3n personal que pueda utilizarse para ponernos en contacto con usted o identificarle. La informaci\u00f3n de identificaci\u00f3n personal puede incluir, pero no se limita a:<\/h3><p>-Direcci\u00f3n de correo electr\u00f3nico<\/p><p>-Nombre y apellidos<\/p><p>-N\u00famero de tel\u00e9fono<\/p><p>-Direcci\u00f3n, Estado, Provincia, C\u00f3digo postal, Ciudad<\/p><p>-Datos de uso<\/p><p><span style=\"text-decoration: underline;\">Datos de uso: <\/span>Los Datos de Uso se recogen autom\u00e1ticamente al utilizar el Sitio Web.<\/p><p>Los Datos de Uso pueden incluir informaci\u00f3n como la direcci\u00f3n de Protocolo de Internet de su dispositivo (por ejemplo, la direcci\u00f3n IP), el tipo de navegador, la versi\u00f3n del navegador, las p\u00e1ginas de nuestro Sitio Web que visita, la hora y la fecha de su visita, el tiempo que pasa en esas p\u00e1ginas, identificadores \u00fanicos de dispositivos y otros datos de diagn\u00f3stico.<\/p><p>Cuando Usted accede al Sitio Web por o a trav\u00e9s de un dispositivo m\u00f3vil, podemos recopilar cierta informaci\u00f3n autom\u00e1ticamente, incluyendo, pero sin limitarse a, el tipo de dispositivo m\u00f3vil que Usted utiliza, el identificador \u00fanico de su dispositivo m\u00f3vil, la direcci\u00f3n IP de su dispositivo m\u00f3vil, su sistema operativo m\u00f3vil, el tipo de navegador de Internet m\u00f3vil que utiliza, identificadores \u00fanicos de dispositivo y otros datos de diagn\u00f3stico.<\/p><p>Tambi\u00e9n podemos recopilar la informaci\u00f3n que su navegador env\u00eda cada vez que visita nuestro sitio web o cuando accede al sitio web por o a trav\u00e9s de un dispositivo m\u00f3vil.<\/p><h4>\u00a0<\/h4><p><span style=\"text-decoration: underline;\">Galletas:\u00a0<\/span>Las cookies son peque\u00f1os archivos que un sitio web puede transferir al ordenador de un usuario y que permanecen all\u00ed mientras dura la sesi\u00f3n de navegaci\u00f3n (cookies de sesi\u00f3n) o de forma permanente (hasta que se eliminan) (cookies persistentes) y que pueden utilizarse para identificar a un usuario, su equipo o su comportamiento. Hacemos uso de cookies en las siguientes circunstancias y por los siguientes motivos:<\/p><p>Proporcionarle servicios disponibles a trav\u00e9s del sitio web y permitirle utilizar algunas de sus funciones.<\/p><p>Autentique a los usuarios y evite el uso fraudulento de las cuentas de usuario.<\/p><p>Identificar si los usuarios han aceptado el uso de cookies en el sitio web.<\/p><p>Recopilar datos sobre el tr\u00e1fico del sitio web y c\u00f3mo lo utilizan los usuarios para ofrecer una mejor experiencia en el sitio web.<\/p><p>Comprender y guardar las preferencias del visitante para futuras visitas, como recordar sus datos de acceso o su preferencia de idioma, para ofrecerle una experiencia m\u00e1s personal y evitar que tenga que volver a introducir sus preferencias cada vez que utilice el sitio web.<\/p><p>Rastrear sus h\u00e1bitos de navegaci\u00f3n para poder mostrarle publicidad que pueda ser de su inter\u00e9s, incluida la publicidad de terceros en nuestro sitio web.<\/p><h4>\u00a0<\/h4><h4><span style=\"text-decoration: underline;\">Uso de sus datos personales<\/span><\/h4><p>La Empresa podr\u00e1 utilizar los Datos Personales para los siguientes fines:<\/p><p>PROPORCIONAR Y MANTENER NUESTRO SITIO WEB, incluida la supervisi\u00f3n del uso del mismo. Esto incluye gestionar la informaci\u00f3n y las cuentas individuales; responder a preguntas, comentarios y otras solicitudes; proporcionar acceso a determinadas \u00e1reas, funcionalidades y caracter\u00edsticas de nuestros sitios web; y responder a las solicitudes de asistencia t\u00e9cnica o al cliente.<\/p><p>ADMINISTRAR NUESTRO SITIO WEB, lo que incluye medir el inter\u00e9s y la participaci\u00f3n en nuestro sitio web y sitios web; realizar investigaci\u00f3n y desarrollo; mejorar nuestros productos y sitios web; desarrollar nuevos productos y sitios web; garantizar el control de calidad interno; y verificar la identidad individual. Nos comunicaremos con usted acerca de su cuenta, actividades en nuestro sitio web y sitios web y cambios de pol\u00edtica. Procesar su informaci\u00f3n financiera y otros m\u00e9todos de pago para productos o sitios web adquiridos; procesar solicitudes y transacciones; prevenir actividades potencialmente prohibidas o ilegales; y hacer cumplir nuestros t\u00e9rminos y acuerdos.<\/p><p>PARA LA EJECUCI\u00d3N DE UN CONTRATO: el desarrollo, cumplimiento y realizaci\u00f3n del contrato de servicio al cliente de los productos, art\u00edculos o servicios que Usted haya adquirido o de cualquier otro contrato con Nosotros a trav\u00e9s del Sitio Web.<\/p><p>PARA CONTACTAR CON USTED: Para contactar con Usted por correo electr\u00f3nico, llamadas telef\u00f3nicas, SMS, u otras formas equivalentes de comunicaci\u00f3n electr\u00f3nica, como las notificaciones push de una aplicaci\u00f3n m\u00f3vil sobre actualizaciones o comunicaciones informativas relacionadas con las funcionalidades, productos o servicios contratados, incluidas las actualizaciones de seguridad, cuando sea necesario o razonable para su implementaci\u00f3n.<\/p><p>PROPORCIONARLE noticias, ofertas especiales e informaci\u00f3n general sobre otros bienes, servicios y eventos que ofrezcamos y que sean similares a los que ya ha comprado o sobre los que ha preguntado, a menos que haya optado por no recibir dicha informaci\u00f3n.<\/p><p>GESTIONAR SUS SOLICITUDES: Para atender y gestionar Sus solicitudes a Nosotros<\/p><p>PARA OFRECERLE PUBLICIDAD DIRIGIDA A USTED: Podemos utilizar su informaci\u00f3n para desarrollar y mostrar contenidos y publicidad (y trabajar con proveedores externos que lo hagan) adaptados a sus intereses y\/o ubicaci\u00f3n y para medir su eficacia.<\/p><p>PARA PROMOCIONAR NUESTROS PRODUCTOS Y SITIOS WEB: Para proporcionarle materiales sobre ofertas, productos y sitios web que puedan ser de su inter\u00e9s, incluidos nuevos contenidos o sitios web. Podemos proporcionarle estos materiales seg\u00fan lo permita la legislaci\u00f3n aplicable. Dichos usos incluyen: adaptar el contenido, los anuncios y las ofertas; notificarle ofertas, productos y servicios que puedan ser de su inter\u00e9s; proporcionarle Sitios Web a usted y a nuestros patrocinadores; y otros fines que usted consienta o que se revelen cuando proporcione Datos Personales. Puede ponerse en contacto con nosotros en cualquier momento para excluir el uso de sus Datos Personales con fines de marketing, tal y como se describe a continuaci\u00f3n.<\/p><p>PARA TRANSFERENCIAS EMPRESARIALES: Podemos utilizar Su informaci\u00f3n para evaluar o llevar a cabo una fusi\u00f3n, desinversi\u00f3n, reestructuraci\u00f3n, reorganizaci\u00f3n, disoluci\u00f3n u otra venta o transferencia de algunos o todos Nuestros activos, ya sea como empresa en funcionamiento o como parte de un procedimiento de quiebra, liquidaci\u00f3n o similar, en el que los Datos personales que conservamos sobre los usuarios de nuestro Sitio web se encuentren entre los activos transferidos.<\/p><p>PARA OBTENER ENCUESTAS Y RESE\u00d1AS: Para participar en encuestas y rese\u00f1as. Si decide participar, es posible que se le solicite cierta informaci\u00f3n que puede incluir Datos Personales.<\/p><p>PUBLICAR: Podemos ofrecer foros, blogs o p\u00e1ginas de redes sociales. Cualquier contenido que proporcione en estos canales se considerar\u00e1 \"p\u00fablico\" y no estar\u00e1 sujeto a protecciones de privacidad.<\/p><p>CHAT\/MENSAJES: Si participa en chats o env\u00eda mensajes a PEOPayGo, a los representantes del servicio de atenci\u00f3n al cliente de PEOPayGo o a otros representantes de PEOPayGo a trav\u00e9s de nuestros Sitios web, se podr\u00e1 recopilar cualquier Dato personal revelado en dichos chats o mensajes.<\/p><p>Al proporcionar su n\u00famero de tel\u00e9fono, usted acepta recibir mensajes de texto de PEOPayGo y sus afiliados.<\/p><p>Al proporcionarnos el n\u00famero de tel\u00e9fono de sus empleados, usted acepta expl\u00edcitamente que ha obtenido toda la aprobaci\u00f3n previa y nos concede permiso expl\u00edcito para enviar mensajes de texto a sus empleados.<\/p><p>Usted y sus empleados pueden recibir mensajes de texto sobre nuestros servicios, incluidos, entre otros, mensajes de bienvenida, recordatorios de programas, actualizaciones y notificaciones, y material de marketing. Podemos enviar mensajes de texto relacionados con los servicios hasta tres veces al d\u00eda.<\/p><p><strong>Puede darse de baja en cualquier momento respondiendo STOP al n\u00famero del que recibe mensajes.<\/strong><\/p><p>Al proporcionar su n\u00famero de tel\u00e9fono, usted acepta los t\u00e9rminos de esta divulgaci\u00f3n, y se compromete a indemnizar PEOPayGo y sus afiliados de cualquier y todas las reclamaciones y litigios, incluyendo la TCPA, que surjan como resultado.<\/p><p>Usted acepta indemnizar y mantener indemne a PEOPayGo y sus funcionarios, directores, empleados, agentes y afiliados (colectivamente, \"PEOPayGo\"), de y contra cualquier y todo reclamo, p\u00e9rdida, da\u00f1o, responsabilidad, costos, y gastos (incluyendo honorarios razonables de abogados y costos) que surjan de o en conexi\u00f3n con cualquier mensaje de texto enviado por PEOPayGo a usted o a sus empleados, incluyendo pero no limitado a reclamaciones de violaciones de TCPA, reclamaciones de violaciones de otras leyes o regulaciones estatales o federales, reclamaciones de difamaci\u00f3n, invasi\u00f3n de la privacidad, u otros agravios de derecho com\u00fan.<\/p><p>Usted defender\u00e1 a PEOPayGo a sus expensas contra cualquiera de dichas reclamaciones y pagar\u00e1 cualquier da\u00f1o o costo adjudicado contra PEOPayGo en relaci\u00f3n con dichas reclamaciones.Esta cl\u00e1usula de indemnizaci\u00f3n sobrevivir\u00e1 a la terminaci\u00f3n de este Acuerdo y permanecer\u00e1 en pleno vigor y efecto.<\/p><p>INSCRIPCI\u00d3N EN SORTEOS O CONCURSOS: Podemos organizar sorteos y concursos. La informaci\u00f3n de contacto que nos proporcione podr\u00e1 utilizarse para ponernos en contacto con usted en relaci\u00f3n con el sorteo o concurso y para otros fines promocionales, comerciales y de marketing, si la ley lo permite. En algunas jurisdicciones, estamos obligados a compartir p\u00fablicamente la informaci\u00f3n de los ganadores.<\/p><p>USO DE INFORMACI\u00d3N NO IDENTIFICADA Y AGREGADA: Podemos utilizar Datos Personales y otra informaci\u00f3n sobre usted para crear informaci\u00f3n desidentificada y agregada, como informaci\u00f3n demogr\u00e1fica desidentificada, informaci\u00f3n de ubicaci\u00f3n desidentificada, informaci\u00f3n sobre el ordenador o dispositivo desde el que accede a nuestro Sitio Web y Sitios Web, u otros an\u00e1lisis que creemos. La informaci\u00f3n desidentificada o agregada no son Datos Personales, y podemos utilizar dicha informaci\u00f3n de varias maneras, incluyendo investigaci\u00f3n, an\u00e1lisis interno, an\u00e1lisis y cualquier otro prop\u00f3sito legalmente permitido.<\/p><p>CORREO DIRECTO, CORREO ELECTR\u00d3NICO Y TELEMARKETING SALIENTE: Los Individuos que nos proporcionan Datos Personales, o cuyos Datos Personales obtenemos de Terceros, pueden, seg\u00fan lo permitido por la ley, recibir peri\u00f3dicamente correos electr\u00f3nicos, boletines, correos o llamadas telef\u00f3nicas de nuestra parte con informaci\u00f3n sobre los productos y servicios de PEOPayGo o pr\u00f3ximas ofertas\/eventos especiales que creemos pueden ser de inter\u00e9s. Ofrecemos la opci\u00f3n de rechazar estas comunicaciones sin coste alguno para el particular siguiendo las instrucciones de la Secci\u00f3n\u00a0<a href=\"https:\/\/peopaygo.com\/es\/privacy-policy\/\">\"Ejercer sus derechos de protecci\u00f3n de datos CCPA\"<\/a>.<\/p><p>COMPARTIR CONTENIDOS CON AMIGOS O COLEGAS. El sitio web y los sitios web de PEOPayGo pueden ofrecer diversas herramientas y funcionalidades. Por ejemplo, PEOPayGo le permite proporcionar informaci\u00f3n sobre sus amigos a trav\u00e9s de nuestros servicios de referencia. Nuestros servicios de referencia pueden permitirle reenviar o compartir ciertos contenidos con un amigo o colega, como un correo electr\u00f3nico invitando a su amigo a utilizar nuestros Sitios Web. Las direcciones de correo electr\u00f3nico que pueda proporcionar para un amigo o colega se utilizar\u00e1n para enviar a su amigo o colega el contenido o enlace que solicite, pero no ser\u00e1n recopiladas ni utilizadas de otro modo por PEOPayGo ni por terceros para ning\u00fan otro fin.<\/p><p>PARA OTROS FINES: PEOPayGo puede utilizar los Datos Personales para perseguir intereses leg\u00edtimos, como el marketing directo, la investigaci\u00f3n (incluida la investigaci\u00f3n de marketing), la seguridad de la red y de la informaci\u00f3n, y la prevenci\u00f3n del fraude, o cualquier otro prop\u00f3sito que se le comunique en el momento de proporcionar los Datos Personales o con su consentimiento. Podemos utilizar su informaci\u00f3n para otros fines, como el an\u00e1lisis de datos, la identificaci\u00f3n de tendencias de uso, la determinaci\u00f3n de la eficacia de nuestras campa\u00f1as promocionales y para evaluar y mejorar nuestro sitio web, productos, servicios, marketing y su experiencia. Esta informaci\u00f3n complementaria nos permite verificar la informaci\u00f3n que usted nos ha proporcionado y mejorar nuestra capacidad para ofrecerle informaci\u00f3n sobre nuestro negocio, productos y sitios web.<\/p><p>Podemos compartir sus Datos Personales en las siguientes situaciones:<\/p><p>CON PROVEEDORES DE SITIOS WEB: Podemos compartir sus Datos Personales con Proveedores de Sitios Web para supervisar y analizar el uso de nuestro Sitio Web, mostrarle anuncios para ayudar a apoyar y mantener Nuestro Sitio Web, anunciarnos en sitios web de terceros para Usted despu\u00e9s de que haya visitado nuestro Sitio Web, para el procesamiento de pagos, para ponernos en contacto con Usted.<\/p><p>PARA TRANSFERENCIAS EMPRESARIALES: Podemos compartir o transferir Sus Datos Personales en relaci\u00f3n con, o durante las negociaciones de, cualquier fusi\u00f3n, venta de activos de la Empresa, financiaci\u00f3n o adquisici\u00f3n de todo o parte de Nuestro negocio a otra empresa.<\/p><p>CON FILIALES: Podemos compartir Su informaci\u00f3n con Nuestras filiales, en cuyo caso exigiremos a dichas filiales que respeten esta Pol\u00edtica de privacidad. Las filiales incluyen nuestra empresa matriz y otras filiales, empresas conjuntas u otras empresas que controlemos o que est\u00e9n bajo control com\u00fan con nosotros.<\/p><p>CON SOCIOS COMERCIALES: Podemos compartir Su informaci\u00f3n con Nuestros socios comerciales para ofrecerle determinados productos, servicios o promociones.<\/p><p>CON OTROS USUARIOS: cuando Usted comparte Datos Personales o interact\u00faa de otro modo en las \u00e1reas p\u00fablicas con otros usuarios, dicha informaci\u00f3n puede ser vista por todos los usuarios y puede ser distribuida p\u00fablicamente al exterior.<\/p><p>CON SU CONSENTIMIENTO: Podremos revelar sus Datos Personales para cualquier otro fin con su consentimiento<\/p><h4>\u00a0<\/h4><p><span style=\"text-decoration: underline;\">Conservaci\u00f3n de sus datos personales:\u00a0<\/span>La Empresa conservar\u00e1 sus Datos Personales \u00fanicamente durante el tiempo que sea necesario para los fines establecidos en la presente Pol\u00edtica de Privacidad. Conservaremos y utilizaremos sus Datos Personales en la medida necesaria para cumplir con nuestras obligaciones legales (por ejemplo, si estamos obligados a conservar sus datos para cumplir con la legislaci\u00f3n aplicable), resolver conflictos y hacer cumplir nuestros acuerdos legales y pol\u00edticas.<\/p><p>La Empresa tambi\u00e9n conservar\u00e1 los Datos de Uso con fines de an\u00e1lisis interno. Por lo general, los Datos de Uso se conservan durante un per\u00edodo de tiempo m\u00e1s corto, excepto cuando estos datos se utilizan para reforzar la seguridad o mejorar la funcionalidad de Nuestro Sitio Web, o cuando estamos legalmente obligados a conservar estos datos durante per\u00edodos de tiempo m\u00e1s largos.<\/p><h4>\u00a0<\/h4><p><span style=\"text-decoration: underline;\">Transferencia de sus datos personales:\u00a0 <\/span>Su informaci\u00f3n, incluidos los Datos Personales, se procesa en las oficinas operativas de la Empresa y en cualquier otro lugar donde se encuentren las partes implicadas en el procesamiento. Esto significa que esta informaci\u00f3n puede ser transferida y mantenida en ordenadores situados fuera de su estado, provincia, pa\u00eds u otra jurisdicci\u00f3n gubernamental donde las leyes de protecci\u00f3n de datos puedan diferir de las de su jurisdicci\u00f3n.<\/p><p>Su consentimiento a esta Pol\u00edtica de Privacidad seguido de su env\u00edo de dicha informaci\u00f3n representa su acuerdo a dicha transferencia.<\/p><p>La Empresa tomar\u00e1 todas las medidas razonablemente necesarias para garantizar que sus datos sean tratados de forma segura y de acuerdo con esta Pol\u00edtica de Privacidad y no se realizar\u00e1 ninguna transferencia de sus Datos Personales a una organizaci\u00f3n o a un pa\u00eds a menos que existan controles adecuados que incluyan la seguridad de sus Datos Personales.<\/p><h3>\u00a0<\/h3><h3><strong>Divulgaci\u00f3n de sus datos personales<\/strong><\/h3><h4>\u00a0<\/h4><p><span style=\"text-decoration: underline;\">Transacciones comerciales:<\/span> Si la empresa participa en una fusi\u00f3n, adquisici\u00f3n o venta de activos, sus datos personales pueden ser transferidos. Le avisaremos antes de que sus Datos Personales sean transferidos y queden sujetos a una Pol\u00edtica de Privacidad diferente.<\/p><p><span style=\"text-decoration: underline;\">Cumplimiento de la ley: <\/span>En determinadas circunstancias, la Empresa puede verse obligada a revelar sus Datos Personales si as\u00ed se lo exige la ley o en respuesta a solicitudes v\u00e1lidas de autoridades p\u00fablicas (por ejemplo, un tribunal o una agencia gubernamental).<\/p><p><span style=\"text-decoration: underline;\">Otros requisitos legales: <\/span>La Empresa podr\u00e1 revelar sus Datos Personales en la creencia de buena fe de que dicha acci\u00f3n es necesaria para:<\/p><p>Cumplir una obligaci\u00f3n legal.<\/p><p>Proteger y defender los derechos o la propiedad de la Empresa.<\/p><p>Prevenir o investigar posibles irregularidades en relaci\u00f3n con el Sitio Web.<\/p><p>Proteger la seguridad personal de los usuarios del sitio web o del p\u00fablico.<\/p><p>Protegerse frente a la responsabilidad legal.<\/p><h4>\u00a0<\/h4><h4><strong>Seguridad de sus datos personales<\/strong><\/h4><p>La seguridad de sus Datos Personales es importante para Nosotros, pero recuerde que ning\u00fan m\u00e9todo de transmisi\u00f3n a trav\u00e9s de Internet, o m\u00e9todo de almacenamiento electr\u00f3nico es 100% seguro.<\/p><p>Aunque nos esforzamos por utilizar medios comercialmente aceptables para proteger sus Datos Personales, no podemos garantizar su seguridad absoluta.<\/p><\/div>\n\t\t\t\t<\/div>\n\t\t\t\t\t\t\t\t<\/div>\n\t\t\t\t\t\t<\/div>\n\t\t\t\t<\/div>\n\t\t\t\t\t<\/div>\n\t\t\t\t<\/div>\n\t\t\t\t<\/div>","protected":false},"excerpt":{"rendered":"<p>T\u00e9rminos y condiciones Aviso de actividad fraudulenta Tenga en cuenta que determinadas personas pueden dirigirse a usted para obtener informaci\u00f3n confidencial present\u00e1ndose falsamente como nuestros empleados, afiliados, agentes o representantes. Cualquier empleado, afiliado, agente o representante de PEOPayGo nunca solicitar\u00e1 la siguiente informaci\u00f3n como respuesta directa a un correo electr\u00f3nico, mensaje de texto o tel\u00e9fono ... <a href=\"https:\/\/peopaygo.com\/es\/terms-and-conditions\/\">Contin\u00faa en<\/a><\/p>","protected":false},"author":5,"featured_media":0,"parent":0,"menu_order":0,"comment_status":"closed","ping_status":"closed","template":"","meta":{"inline_featured_image":false,"footnotes":""},"class_list":["post-13715","page","type-page","status-publish","hentry"],"aioseo_notices":[],"_links":{"self":[{"href":"https:\/\/peopaygo.com\/es\/wp-json\/wp\/v2\/pages\/13715","targetHints":{"allow":["GET"]}}],"collection":[{"href":"https:\/\/peopaygo.com\/es\/wp-json\/wp\/v2\/pages"}],"about":[{"href":"https:\/\/peopaygo.com\/es\/wp-json\/wp\/v2\/types\/page"}],"author":[{"embeddable":true,"href":"https:\/\/peopaygo.com\/es\/wp-json\/wp\/v2\/users\/5"}],"replies":[{"embeddable":true,"href":"https:\/\/peopaygo.com\/es\/wp-json\/wp\/v2\/comments?post=13715"}],"version-history":[{"count":37,"href":"https:\/\/peopaygo.com\/es\/wp-json\/wp\/v2\/pages\/13715\/revisions"}],"predecessor-version":[{"id":17656,"href":"https:\/\/peopaygo.com\/es\/wp-json\/wp\/v2\/pages\/13715\/revisions\/17656"}],"wp:attachment":[{"href":"https:\/\/peopaygo.com\/es\/wp-json\/wp\/v2\/media?parent=13715"}],"curies":[{"name":"wp","href":"https:\/\/api.w.org\/{rel}","templated":true}]}}