{"id":14878,"date":"2024-07-22T20:22:35","date_gmt":"2024-07-22T20:22:35","guid":{"rendered":"https:\/\/peopaygo.com\/?page_id=14878"},"modified":"2024-10-08T00:54:38","modified_gmt":"2024-10-08T00:54:38","slug":"client-forms","status":"publish","type":"page","link":"https:\/\/peopaygo.com\/es\/client-forms\/","title":{"rendered":"Informaci\u00f3n 1 de agosto"},"content":{"rendered":"<div data-elementor-type=\"wp-page\" data-elementor-id=\"14878\" class=\"elementor elementor-14878\" data-elementor-post-type=\"page\">\n\t\t\t\t<div class=\"elementor-element elementor-element-f58b001 e-flex e-con-boxed e-con e-parent\" data-id=\"f58b001\" data-element_type=\"container\" data-e-type=\"container\">\n\t\t\t\t\t<div class=\"e-con-inner\">\n\t\t\t\t<div class=\"elementor-element elementor-element-fa18a72 elementor-widget__width-inherit elementor-widget-mobile__width-inherit elementor-widget elementor-widget-text-editor\" data-id=\"fa18a72\" data-element_type=\"widget\" data-e-type=\"widget\" data-widget_type=\"text-editor.default\">\n\t\t\t\t<div class=\"elementor-widget-container\">\n\t\t\t\t\t\t\t\t\t<h1 data-renderer-start-pos=\"532\">Formularios para clientes<\/h1><p data-renderer-start-pos=\"532\"><strong>Estamos encantados de anunciar que nuestro nuevo portal de clientes PeoPayGo ya est\u00e1 activo.<\/strong><\/p>\t\t\t\t\t\t\t\t<\/div>\n\t\t\t\t<\/div>\n\t\t\t\t<div class=\"elementor-element elementor-element-e1eb032 elementor-widget__width-inherit elementor-widget-mobile__width-inherit elementor-widget elementor-widget-text-editor\" data-id=\"e1eb032\" data-element_type=\"widget\" data-e-type=\"widget\" data-widget_type=\"text-editor.default\">\n\t\t\t\t<div class=\"elementor-widget-container\">\n\t\t\t\t\t\t\t\t\t<p data-renderer-start-pos=\"633\">Para acceder al Portal del Cliente PEOPayGo, siga las siguientes instrucciones:<\/p>\t\t\t\t\t\t\t\t<\/div>\n\t\t\t\t<\/div>\n\t\t<div class=\"elementor-element elementor-element-31d324f e-con-full e-flex e-con e-parent\" data-id=\"31d324f\" data-element_type=\"container\" data-e-type=\"container\">\n\t\t<div class=\"elementor-element elementor-element-fc303ab e-con-full e-flex e-con e-parent\" data-id=\"fc303ab\" data-element_type=\"container\" data-e-type=\"container\">\n\t\t\t\t<div class=\"elementor-element elementor-element-7644502 elementor-widget__width-inherit elementor-widget elementor-widget-heading\" data-id=\"7644502\" data-element_type=\"widget\" data-e-type=\"widget\" data-widget_type=\"heading.default\">\n\t\t\t\t<div class=\"elementor-widget-container\">\n\t\t\t\t\t<h2 class=\"elementor-heading-title elementor-size-default\">Lo que tiene que hacer:<\/h2>\t\t\t\t<\/div>\n\t\t\t\t<\/div>\n\t\t\t\t<div class=\"elementor-element elementor-element-c2483e6 elementor-widget elementor-widget-text-editor\" data-id=\"c2483e6\" data-element_type=\"widget\" data-e-type=\"widget\" data-widget_type=\"text-editor.default\">\n\t\t\t\t<div class=\"elementor-widget-container\">\n\t\t\t\t\t\t\t\t\t<p>1. Acceda al nuevo <a href=\"https:\/\/peopaygo.user-portal.io\/\"><strong><span style=\"color: #19b2ee; text-decoration: underline;\">Portal PeoPayGo<\/span><\/strong><\/a><\/p><p>\u00a0<\/p><p>2. <strong>Verificaci\u00f3n del n\u00famero de tel\u00e9fono<\/strong>: Introduce tu n\u00famero de tel\u00e9fono para recibir un c\u00f3digo de verificaci\u00f3n<\/p><p>\u00a0<\/p><p>3. <strong>Autenticar cuenta<\/strong>: Utilice el c\u00f3digo para autenticar su cuenta e iniciar sesi\u00f3n en el Portal del Cliente.<\/p>\t\t\t\t\t\t\t\t<\/div>\n\t\t\t\t<\/div>\n\t\t\t\t<\/div>\n\t\t<div class=\"elementor-element elementor-element-dbb7e33 e-con-full e-flex e-con e-parent\" data-id=\"dbb7e33\" data-element_type=\"container\" data-e-type=\"container\">\n\t\t\t\t<div class=\"elementor-element elementor-element-a51951d elementor-widget elementor-widget-text-editor\" data-id=\"a51951d\" data-element_type=\"widget\" data-e-type=\"widget\" data-widget_type=\"text-editor.default\">\n\t\t\t\t<div class=\"elementor-widget-container\">\n\t\t\t\t\t\t\t\t\t<div class=\"elementor-element elementor-element-48a5587 elementor-widget elementor-widget-text-editor\" data-id=\"48a5587\" data-element_type=\"widget\" data-widget_type=\"text-editor.default\">\n<div class=\"elementor-widget-container\">\n<p data-pm-slice=\"1 1 []\">Si necesita m\u00e1s ayuda, p\u00f3ngase en contacto con nuestro&nbsp;<strong>Atenci\u00f3n al cliente<\/strong> <strong>Equipo<\/strong> utilizando la informaci\u00f3n que figura a continuaci\u00f3n:<\/p><\/div><\/div>\t\t\t\t\t\t\t\t<\/div>\n\t\t\t\t<\/div>\n\t\t\t\t<div class=\"elementor-element elementor-element-c012696 elementor-widget__width-inherit elementor-widget elementor-widget-text-editor\" data-id=\"c012696\" data-element_type=\"widget\" data-e-type=\"widget\" data-widget_type=\"text-editor.default\">\n\t\t\t\t<div class=\"elementor-widget-container\">\n\t\t\t\t\t\t\t\t\t<p data-pm-slice=\"1 1 [&quot;bulletList&quot;,null,&quot;listItem&quot;,null]\">Tel\u00e9fono: <span style=\"text-decoration: underline;\"><a style=\"color: #19b2ee; text-decoration: underline;\" href=\"tel:9544081844\">954-408-1844<\/a><\/span><\/p>\t\t\t\t\t\t\t\t<\/div>\n\t\t\t\t<\/div>\n\t\t\t\t<div class=\"elementor-element elementor-element-21879bd elementor-widget__width-inherit elementor-widget elementor-widget-text-editor\" data-id=\"21879bd\" data-element_type=\"widget\" data-e-type=\"widget\" data-widget_type=\"text-editor.default\">\n\t\t\t\t<div class=\"elementor-widget-container\">\n\t\t\t\t\t\t\t\t\t<p data-pm-slice=\"1 1 [&quot;bulletList&quot;,null,&quot;listItem&quot;,null]\">Correo electr\u00f3nico: <span style=\"text-decoration: underline;\"><a style=\"color: #19b2ee; text-decoration: underline;\" href=\"mailto:customersupport@peopaygo.com\">customersupport@peopaygo.com<\/a><\/span><\/p>\t\t\t\t\t\t\t\t<\/div>\n\t\t\t\t<\/div>\n\t\t\t\t<\/div>\n\t\t\t\t<\/div>\n\t\t\t\t\t<\/div>\n\t\t\t\t<\/div>\n\t\t<div class=\"elementor-element elementor-element-ea2dc3a e-flex e-con-boxed e-con e-parent\" data-id=\"ea2dc3a\" data-element_type=\"container\" data-e-type=\"container\">\n\t\t\t\t\t<div class=\"e-con-inner\">\n\t\t\t\t<div class=\"elementor-element elementor-element-3063da1 elementor-widget__width-inherit elementor-widget elementor-widget-text-editor\" data-id=\"3063da1\" data-element_type=\"widget\" data-e-type=\"widget\" data-widget_type=\"text-editor.default\">\n\t\t\t\t<div class=\"elementor-widget-container\">\n\t\t\t\t\t\t\t\t\t<p data-pm-slice=\"1 1 [&quot;bulletList&quot;,null,&quot;listItem&quot;,null]\">Para pasar a los formularios del sitio web, <span style=\"text-decoration: underline;\"><a style=\"color: #19b2ee; text-decoration: underline;\" href=\"https:\/\/peopaygo.com\/es\/client-forms-limited\/\">pulse aqu\u00ed<\/a><\/span><\/p>\t\t\t\t\t\t\t\t<\/div>\n\t\t\t\t<\/div>\n\t\t\t\t\t<\/div>\n\t\t\t\t<\/div>\n\t\t\t\t<\/div>","protected":false},"excerpt":{"rendered":"<p>Formularios para clientes \u00a1Estamos encantados de anunciar que nuestro nuevo Portal para clientes de PeoPayGo ya est\u00e1 activo! Para acceder al Portal del Cliente PEOPayGo, por favor, siga las siguientes instrucciones: Lo que debe hacer 1. Acceda al nuevo Portal PeoPayGo 2. Verificaci\u00f3n del n\u00famero de tel\u00e9fono: Introduzca su n\u00famero de tel\u00e9fono para recibir un c\u00f3digo de verificaci\u00f3n. Autenticar cuenta: ... <a href=\"https:\/\/peopaygo.com\/es\/client-forms\/\">Contin\u00faa en<\/a><\/p>","protected":false},"author":7,"featured_media":0,"parent":0,"menu_order":0,"comment_status":"closed","ping_status":"closed","template":"","meta":{"inline_featured_image":false,"footnotes":""},"class_list":["post-14878","page","type-page","status-publish","hentry"],"aioseo_notices":[],"_links":{"self":[{"href":"https:\/\/peopaygo.com\/es\/wp-json\/wp\/v2\/pages\/14878","targetHints":{"allow":["GET"]}}],"collection":[{"href":"https:\/\/peopaygo.com\/es\/wp-json\/wp\/v2\/pages"}],"about":[{"href":"https:\/\/peopaygo.com\/es\/wp-json\/wp\/v2\/types\/page"}],"author":[{"embeddable":true,"href":"https:\/\/peopaygo.com\/es\/wp-json\/wp\/v2\/users\/7"}],"replies":[{"embeddable":true,"href":"https:\/\/peopaygo.com\/es\/wp-json\/wp\/v2\/comments?post=14878"}],"version-history":[{"count":77,"href":"https:\/\/peopaygo.com\/es\/wp-json\/wp\/v2\/pages\/14878\/revisions"}],"predecessor-version":[{"id":15436,"href":"https:\/\/peopaygo.com\/es\/wp-json\/wp\/v2\/pages\/14878\/revisions\/15436"}],"wp:attachment":[{"href":"https:\/\/peopaygo.com\/es\/wp-json\/wp\/v2\/media?parent=14878"}],"curies":[{"name":"wp","href":"https:\/\/api.w.org\/{rel}","templated":true}]}}