{"id":15688,"date":"2024-11-18T21:33:05","date_gmt":"2024-11-18T21:33:05","guid":{"rendered":"https:\/\/peopaygo.com\/?page_id=15688"},"modified":"2025-05-07T14:29:07","modified_gmt":"2025-05-07T14:29:07","slug":"get-rate-exchange-thank-you-fb","status":"publish","type":"page","link":"https:\/\/peopaygo.com\/es\/get-rate-exchange-thank-you-fb\/","title":{"rendered":"Gracias Rate Exchange Facebook"},"content":{"rendered":"<div data-elementor-type=\"wp-page\" data-elementor-id=\"15688\" class=\"elementor elementor-15688\" data-elementor-post-type=\"page\">\n\t\t\t\t<div class=\"elementor-element elementor-element-30db54f e-con-full e-flex e-con e-parent\" data-id=\"30db54f\" data-element_type=\"container\" data-e-type=\"container\" data-settings=\"{&quot;background_background&quot;:&quot;gradient&quot;}\">\n\t\t\t\t<div class=\"elementor-element elementor-element-99a85c5 elementor-widget elementor-widget-heading\" data-id=\"99a85c5\" data-element_type=\"widget\" data-e-type=\"widget\" data-widget_type=\"heading.default\">\n\t\t\t\t<div class=\"elementor-widget-container\">\n\t\t\t\t\t<h1 class=\"elementor-heading-title elementor-size-default\">Su empresa ha sido preaprobada.<\/h1>\t\t\t\t<\/div>\n\t\t\t\t<\/div>\n\t\t\t\t<div class=\"elementor-element elementor-element-12be837 elementor-widget elementor-widget-heading\" data-id=\"12be837\" data-element_type=\"widget\" data-e-type=\"widget\" data-widget_type=\"heading.default\">\n\t\t\t\t<div class=\"elementor-widget-container\">\n\t\t\t\t\t<h1 class=\"elementor-heading-title elementor-size-default\">Esto es lo que ocurre a continuaci\u00f3n:\n<\/h1>\t\t\t\t<\/div>\n\t\t\t\t<\/div>\n\t\t<div class=\"elementor-element elementor-element-69cab3c e-con-full e-flex e-con e-child\" data-id=\"69cab3c\" data-element_type=\"container\" data-e-type=\"container\">\n\t\t<div class=\"elementor-element elementor-element-93d529d e-con-full e-flex e-con e-child\" data-id=\"93d529d\" data-element_type=\"container\" data-e-type=\"container\">\n\t\t\t\t<div class=\"elementor-element elementor-element-d025005 elementor-widget elementor-widget-image\" data-id=\"d025005\" data-element_type=\"widget\" data-e-type=\"widget\" data-widget_type=\"image.default\">\n\t\t\t\t<div class=\"elementor-widget-container\">\n\t\t\t\t\t\t\t\t\t\t\t\t\t\t\t<img fetchpriority=\"high\" decoding=\"async\" width=\"238\" height=\"238\" src=\"https:\/\/peopaygo.com\/wp-content\/uploads\/2023\/11\/check-your-email.png\" class=\"attachment-full size-full wp-image-13173\" alt=\"\" srcset=\"https:\/\/peopaygo.com\/wp-content\/uploads\/2023\/11\/check-your-email.png 238w, https:\/\/peopaygo.com\/wp-content\/uploads\/2023\/11\/check-your-email-150x150.png 150w, https:\/\/peopaygo.com\/wp-content\/uploads\/2023\/11\/check-your-email-12x12.png 12w\" sizes=\"(max-width: 238px) 100vw, 238px\" title=\"compruebe-su-email - PEOPayGo\" \/>\t\t\t\t\t\t\t\t\t\t\t\t\t\t\t<\/div>\n\t\t\t\t<\/div>\n\t\t\t\t<div class=\"elementor-element elementor-element-913839a elementor-widget elementor-widget-text-editor\" data-id=\"913839a\" data-element_type=\"widget\" data-e-type=\"widget\" data-widget_type=\"text-editor.default\">\n\t\t\t\t<div class=\"elementor-widget-container\">\n\t\t\t\t\t\t\t\t\t<p>Acabamos de enviarte tu tarifa a tu sms y a tu email.<\/p>\t\t\t\t\t\t\t\t<\/div>\n\t\t\t\t<\/div>\n\t\t\t\t<\/div>\n\t\t<div class=\"elementor-element elementor-element-51a79e2 e-con-full elementor-hidden-tablet elementor-hidden-mobile e-flex e-con e-child\" data-id=\"51a79e2\" data-element_type=\"container\" data-e-type=\"container\">\n\t\t\t\t<div class=\"elementor-element elementor-element-6baff55 elementor-widget elementor-widget-image\" data-id=\"6baff55\" data-element_type=\"widget\" data-e-type=\"widget\" data-widget_type=\"image.default\">\n\t\t\t\t<div class=\"elementor-widget-container\">\n\t\t\t\t\t\t\t\t\t\t\t\t\t\t\t<img decoding=\"async\" width=\"69\" height=\"35\" src=\"https:\/\/peopaygo.com\/wp-content\/uploads\/2023\/04\/Arrow-13.png\" class=\"attachment-full size-full wp-image-8063\" alt=\"\" title=\"Flecha 13 - PEOPayGo\" \/>\t\t\t\t\t\t\t\t\t\t\t\t\t\t\t<\/div>\n\t\t\t\t<\/div>\n\t\t\t\t<\/div>\n\t\t<div class=\"elementor-element elementor-element-9a96674 e-con-full e-flex e-con e-child\" data-id=\"9a96674\" data-element_type=\"container\" data-e-type=\"container\">\n\t\t\t\t<div class=\"elementor-element elementor-element-201c590 elementor-widget elementor-widget-image\" data-id=\"201c590\" data-element_type=\"widget\" data-e-type=\"widget\" data-widget_type=\"image.default\">\n\t\t\t\t<div class=\"elementor-widget-container\">\n\t\t\t\t\t\t\t\t\t\t\t\t\t\t\t<img decoding=\"async\" width=\"238\" height=\"238\" src=\"https:\/\/peopaygo.com\/wp-content\/uploads\/2023\/11\/review.png\" class=\"attachment-full size-full wp-image-13174\" alt=\"\" srcset=\"https:\/\/peopaygo.com\/wp-content\/uploads\/2023\/11\/review.png 238w, https:\/\/peopaygo.com\/wp-content\/uploads\/2023\/11\/review-150x150.png 150w, https:\/\/peopaygo.com\/wp-content\/uploads\/2023\/11\/review-12x12.png 12w\" sizes=\"(max-width: 238px) 100vw, 238px\" title=\"rese\u00f1a - PEOPayGo\" \/>\t\t\t\t\t\t\t\t\t\t\t\t\t\t\t<\/div>\n\t\t\t\t<\/div>\n\t\t\t\t<div class=\"elementor-element elementor-element-bddf2ba elementor-widget elementor-widget-text-editor\" data-id=\"bddf2ba\" data-element_type=\"widget\" data-e-type=\"widget\" data-widget_type=\"text-editor.default\">\n\t\t\t\t<div class=\"elementor-widget-container\">\n\t\t\t\t\t\t\t\t\t<p>Su informaci\u00f3n ser\u00e1 revisada por uno de nuestros agentes.<\/p>\t\t\t\t\t\t\t\t<\/div>\n\t\t\t\t<\/div>\n\t\t\t\t<\/div>\n\t\t<div class=\"elementor-element elementor-element-f3b84ed e-con-full elementor-hidden-tablet elementor-hidden-mobile e-flex e-con e-child\" data-id=\"f3b84ed\" data-element_type=\"container\" data-e-type=\"container\">\n\t\t\t\t<div class=\"elementor-element elementor-element-0dda428 elementor-widget elementor-widget-image\" data-id=\"0dda428\" data-element_type=\"widget\" data-e-type=\"widget\" data-widget_type=\"image.default\">\n\t\t\t\t<div class=\"elementor-widget-container\">\n\t\t\t\t\t\t\t\t\t\t\t\t\t\t\t<img decoding=\"async\" width=\"69\" height=\"35\" src=\"https:\/\/peopaygo.com\/wp-content\/uploads\/2023\/04\/Arrow-13.png\" class=\"attachment-full size-full wp-image-8063\" alt=\"\" title=\"Flecha 13 - PEOPayGo\" \/>\t\t\t\t\t\t\t\t\t\t\t\t\t\t\t<\/div>\n\t\t\t\t<\/div>\n\t\t\t\t<\/div>\n\t\t<div class=\"elementor-element elementor-element-79f5d30 e-flex e-con-boxed e-con e-child\" data-id=\"79f5d30\" data-element_type=\"container\" data-e-type=\"container\">\n\t\t\t\t\t<div class=\"e-con-inner\">\n\t\t\t\t<div class=\"elementor-element elementor-element-f06d510 elementor-widget elementor-widget-image\" data-id=\"f06d510\" data-element_type=\"widget\" data-e-type=\"widget\" data-widget_type=\"image.default\">\n\t\t\t\t<div class=\"elementor-widget-container\">\n\t\t\t\t\t\t\t\t\t\t\t\t\t\t\t<img loading=\"lazy\" decoding=\"async\" width=\"238\" height=\"238\" src=\"https:\/\/peopaygo.com\/wp-content\/uploads\/2023\/04\/quote.png\" class=\"attachment-full size-full wp-image-8068\" alt=\"\" srcset=\"https:\/\/peopaygo.com\/wp-content\/uploads\/2023\/04\/quote.png 238w, https:\/\/peopaygo.com\/wp-content\/uploads\/2023\/04\/quote-150x150.png 150w\" sizes=\"(max-width: 238px) 100vw, 238px\" title=\"presupuesto - PEOPayGo\" \/>\t\t\t\t\t\t\t\t\t\t\t\t\t\t\t<\/div>\n\t\t\t\t<\/div>\n\t\t\t\t<div class=\"elementor-element elementor-element-6f60cbc elementor-widget elementor-widget-text-editor\" data-id=\"6f60cbc\" data-element_type=\"widget\" data-e-type=\"widget\" data-widget_type=\"text-editor.default\">\n\t\t\t\t<div class=\"elementor-widget-container\">\n\t\t\t\t\t\t\t\t\t<p>Recibir\u00e1 un presupuesto el mismo d\u00eda por correo electr\u00f3nico.<\/p>\t\t\t\t\t\t\t\t<\/div>\n\t\t\t\t<\/div>\n\t\t\t\t\t<\/div>\n\t\t\t\t<\/div>\n\t\t<div class=\"elementor-element elementor-element-5eb22d8 e-con-full elementor-hidden-tablet elementor-hidden-mobile e-flex e-con e-child\" data-id=\"5eb22d8\" data-element_type=\"container\" data-e-type=\"container\">\n\t\t\t\t<div class=\"elementor-element elementor-element-4ac122f elementor-widget elementor-widget-image\" data-id=\"4ac122f\" data-element_type=\"widget\" data-e-type=\"widget\" data-widget_type=\"image.default\">\n\t\t\t\t<div class=\"elementor-widget-container\">\n\t\t\t\t\t\t\t\t\t\t\t\t\t\t\t<img decoding=\"async\" width=\"69\" height=\"35\" src=\"https:\/\/peopaygo.com\/wp-content\/uploads\/2023\/04\/Arrow-13.png\" class=\"attachment-full size-full wp-image-8063\" alt=\"\" title=\"Flecha 13 - PEOPayGo\" \/>\t\t\t\t\t\t\t\t\t\t\t\t\t\t\t<\/div>\n\t\t\t\t<\/div>\n\t\t\t\t<\/div>\n\t\t<div class=\"elementor-element elementor-element-17d0520 e-flex e-con-boxed e-con e-child\" data-id=\"17d0520\" data-element_type=\"container\" data-e-type=\"container\">\n\t\t\t\t\t<div class=\"e-con-inner\">\n\t\t\t\t<div class=\"elementor-element elementor-element-4b94402 elementor-widget elementor-widget-image\" data-id=\"4b94402\" data-element_type=\"widget\" data-e-type=\"widget\" data-widget_type=\"image.default\">\n\t\t\t\t<div class=\"elementor-widget-container\">\n\t\t\t\t\t\t\t\t\t\t\t\t\t\t\t<img loading=\"lazy\" decoding=\"async\" width=\"238\" height=\"238\" src=\"https:\/\/peopaygo.com\/wp-content\/uploads\/2023\/04\/sign-up.png\" class=\"attachment-full size-full wp-image-8069\" alt=\"\" srcset=\"https:\/\/peopaygo.com\/wp-content\/uploads\/2023\/04\/sign-up.png 238w, https:\/\/peopaygo.com\/wp-content\/uploads\/2023\/04\/sign-up-150x150.png 150w\" sizes=\"(max-width: 238px) 100vw, 238px\" title=\"inscribirse - PEOPayGo\" \/>\t\t\t\t\t\t\t\t\t\t\t\t\t\t\t<\/div>\n\t\t\t\t<\/div>\n\t\t\t\t<div class=\"elementor-element elementor-element-8130bbb elementor-widget elementor-widget-text-editor\" data-id=\"8130bbb\" data-element_type=\"widget\" data-e-type=\"widget\" data-widget_type=\"text-editor.default\">\n\t\t\t\t<div class=\"elementor-widget-container\">\n\t\t\t\t\t\t\t\t\t<p>Inscr\u00edbase al instante desde su tel\u00e9fono u ordenador.<\/p>\t\t\t\t\t\t\t\t<\/div>\n\t\t\t\t<\/div>\n\t\t\t\t\t<\/div>\n\t\t\t\t<\/div>\n\t\t\t\t<\/div>\n\t\t\t\t<\/div>\n\t\t<div class=\"elementor-element elementor-element-8228b14 e-con-full e-flex e-con e-parent\" data-id=\"8228b14\" data-element_type=\"container\" data-e-type=\"container\">\n\t\t<div class=\"elementor-element elementor-element-e62e35f e-flex e-con-boxed e-con e-child\" data-id=\"e62e35f\" data-element_type=\"container\" data-e-type=\"container\">\n\t\t\t\t\t<div class=\"e-con-inner\">\n\t\t\t\t<div class=\"elementor-element elementor-element-768d662 elementor-widget elementor-widget-heading\" data-id=\"768d662\" data-element_type=\"widget\" data-e-type=\"widget\" data-widget_type=\"heading.default\">\n\t\t\t\t<div class=\"elementor-widget-container\">\n\t\t\t\t\t<p class=\"elementor-heading-title elementor-size-default\">Si necesita ayuda ahora, sobre su solicitud presentada o para obtener un certificado en el mismo d\u00eda, hable con uno de nuestros agentes en directo.<\/p>\t\t\t\t<\/div>\n\t\t\t\t<\/div>\n\t\t<div class=\"elementor-element elementor-element-9b16f41 e-flex e-con-boxed e-con e-child\" data-id=\"9b16f41\" data-element_type=\"container\" data-e-type=\"container\">\n\t\t\t\t\t<div class=\"e-con-inner\">\n\t\t<div class=\"elementor-element elementor-element-7f8cf32 e-flex e-con-boxed e-con e-child\" data-id=\"7f8cf32\" data-element_type=\"container\" data-e-type=\"container\">\n\t\t\t\t\t<div class=\"e-con-inner\">\n\t\t\t\t<div class=\"elementor-element elementor-element-695e8b1 elementor-align-right elementor-tablet-align-right elementor-mobile-align-center elementor-widget elementor-widget-button\" data-id=\"695e8b1\" data-element_type=\"widget\" data-e-type=\"widget\" data-widget_type=\"button.default\">\n\t\t\t\t<div class=\"elementor-widget-container\">\n\t\t\t\t\t\t\t\t\t<div class=\"elementor-button-wrapper\">\n\t\t\t\t\t<a class=\"elementor-button elementor-button-link elementor-size-sm\" href=\"tel:1-800-355-7741\">\n\t\t\t\t\t\t<span class=\"elementor-button-content-wrapper\">\n\t\t\t\t\t\t\t\t\t<span class=\"elementor-button-text\">Ll\u00e1menos: 1-800-355-7741<\/span>\n\t\t\t\t\t<\/span>\n\t\t\t\t\t<\/a>\n\t\t\t\t<\/div>\n\t\t\t\t\t\t\t\t<\/div>\n\t\t\t\t<\/div>\n\t\t\t\t\t<\/div>\n\t\t\t\t<\/div>\n\t\t<div class=\"elementor-element elementor-element-5b8cd89 e-flex e-con-boxed e-con e-child\" data-id=\"5b8cd89\" data-element_type=\"container\" data-e-type=\"container\">\n\t\t\t\t\t<div class=\"e-con-inner\">\n\t\t\t\t<div class=\"elementor-element elementor-element-cc6c3bf elementor-align-left elementor-tablet-align-left elementor-mobile-align-center elementor-widget elementor-widget-button\" data-id=\"cc6c3bf\" data-element_type=\"widget\" data-e-type=\"widget\" data-widget_type=\"button.default\">\n\t\t\t\t<div class=\"elementor-widget-container\">\n\t\t\t\t\t\t\t\t\t<div class=\"elementor-button-wrapper\">\n\t\t\t\t\t<a class=\"elementor-button elementor-button-link elementor-size-sm\" href=\"https:\/\/peopaygo.com\/es\">\n\t\t\t\t\t\t<span class=\"elementor-button-content-wrapper\">\n\t\t\t\t\t\t\t\t\t<span class=\"elementor-button-text\">Volver a casa<\/span>\n\t\t\t\t\t<\/span>\n\t\t\t\t\t<\/a>\n\t\t\t\t<\/div>\n\t\t\t\t\t\t\t\t<\/div>\n\t\t\t\t<\/div>\n\t\t\t\t\t<\/div>\n\t\t\t\t<\/div>\n\t\t\t\t\t<\/div>\n\t\t\t\t<\/div>\n\t\t\t\t\t<\/div>\n\t\t\t\t<\/div>\n\t\t\t\t<\/div>\n\t\t\t\t<\/div>","protected":false},"excerpt":{"rendered":"<p>Su empresa ha sido preaprobada. Esto es lo que ocurre a continuaci\u00f3n: Acabamos de enviar su tarifa a su texto y correo electr\u00f3nico. Su informaci\u00f3n ser\u00e1 revisada por uno de nuestros agentes. Recibir\u00e1 un presupuesto el mismo d\u00eda por correo electr\u00f3nico. Inscr\u00edbase al instante utilizando su tel\u00e9fono u ordenador. Para obtener asistencia ahora, en su solicitud presentada o ... <a href=\"https:\/\/peopaygo.com\/es\/get-rate-exchange-thank-you-fb\/\">Contin\u00faa en<\/a><\/p>","protected":false},"author":7,"featured_media":0,"parent":0,"menu_order":0,"comment_status":"closed","ping_status":"closed","template":"","meta":{"inline_featured_image":false,"footnotes":""},"class_list":["post-15688","page","type-page","status-publish","hentry"],"aioseo_notices":[],"_links":{"self":[{"href":"https:\/\/peopaygo.com\/es\/wp-json\/wp\/v2\/pages\/15688","targetHints":{"allow":["GET"]}}],"collection":[{"href":"https:\/\/peopaygo.com\/es\/wp-json\/wp\/v2\/pages"}],"about":[{"href":"https:\/\/peopaygo.com\/es\/wp-json\/wp\/v2\/types\/page"}],"author":[{"embeddable":true,"href":"https:\/\/peopaygo.com\/es\/wp-json\/wp\/v2\/users\/7"}],"replies":[{"embeddable":true,"href":"https:\/\/peopaygo.com\/es\/wp-json\/wp\/v2\/comments?post=15688"}],"version-history":[{"count":9,"href":"https:\/\/peopaygo.com\/es\/wp-json\/wp\/v2\/pages\/15688\/revisions"}],"predecessor-version":[{"id":17098,"href":"https:\/\/peopaygo.com\/es\/wp-json\/wp\/v2\/pages\/15688\/revisions\/17098"}],"wp:attachment":[{"href":"https:\/\/peopaygo.com\/es\/wp-json\/wp\/v2\/media?parent=15688"}],"curies":[{"name":"wp","href":"https:\/\/api.w.org\/{rel}","templated":true}]}}