{"id":9132,"date":"2023-05-04T15:43:59","date_gmt":"2023-05-04T15:43:59","guid":{"rendered":"https:\/\/peo.wym.services\/?page_id=9132"},"modified":"2025-11-06T00:07:00","modified_gmt":"2025-11-06T00:07:00","slug":"download-mobile-payroll-app","status":"publish","type":"page","link":"https:\/\/peopaygo.com\/es\/download-mobile-payroll-app\/","title":{"rendered":"PEOPayGo en movimiento"},"content":{"rendered":"<div data-elementor-type=\"wp-page\" data-elementor-id=\"9132\" class=\"elementor elementor-9132\" data-elementor-post-type=\"page\">\n\t\t\t\t<div class=\"elementor-element elementor-element-b496da5 e-con-full e-flex e-con e-parent\" data-id=\"b496da5\" data-element_type=\"container\" data-e-type=\"container\">\n\t\t\t\t<div class=\"elementor-element elementor-element-9c779db elementor-widget elementor-widget-heading\" data-id=\"9c779db\" data-element_type=\"widget\" data-e-type=\"widget\" data-widget_type=\"heading.default\">\n\t\t\t\t<div class=\"elementor-widget-container\">\n\t\t\t\t\t<div class=\"elementor-heading-title elementor-size-default\">Dirija su empresa <span style=\"color:#56C7F3\">sobre la marcha<\/span>.<\/div>\t\t\t\t<\/div>\n\t\t\t\t<\/div>\n\t\t\t\t<div class=\"elementor-element elementor-element-6d402ba elementor-widget elementor-widget-image\" data-id=\"6d402ba\" data-element_type=\"widget\" data-e-type=\"widget\" data-widget_type=\"image.default\">\n\t\t\t\t<div class=\"elementor-widget-container\">\n\t\t\t\t\t\t\t\t\t\t\t\t\t\t\t<img fetchpriority=\"high\" decoding=\"async\" width=\"2560\" height=\"1311\" src=\"https:\/\/peopaygo.com\/wp-content\/uploads\/2025\/11\/PEOPayGo-App-Screenshots-8-scaled.png\" class=\"attachment-full size-full wp-image-17706\" alt=\"\" srcset=\"https:\/\/peopaygo.com\/wp-content\/uploads\/2025\/11\/PEOPayGo-App-Screenshots-8-scaled.png 2560w, https:\/\/peopaygo.com\/wp-content\/uploads\/2025\/11\/PEOPayGo-App-Screenshots-8-300x154.png 300w, https:\/\/peopaygo.com\/wp-content\/uploads\/2025\/11\/PEOPayGo-App-Screenshots-8-1024x525.png 1024w, https:\/\/peopaygo.com\/wp-content\/uploads\/2025\/11\/PEOPayGo-App-Screenshots-8-768x393.png 768w, https:\/\/peopaygo.com\/wp-content\/uploads\/2025\/11\/PEOPayGo-App-Screenshots-8-1536x787.png 1536w, https:\/\/peopaygo.com\/wp-content\/uploads\/2025\/11\/PEOPayGo-App-Screenshots-8-2048x1049.png 2048w, https:\/\/peopaygo.com\/wp-content\/uploads\/2025\/11\/PEOPayGo-App-Screenshots-8-18x9.png 18w\" sizes=\"(max-width: 2560px) 100vw, 2560px\" title=\"PEOPayGo - App - Capturas de pantalla 8 - PEOPayGo\" \/>\t\t\t\t\t\t\t\t\t\t\t\t\t\t\t<\/div>\n\t\t\t\t<\/div>\n\t\t\t\t<\/div>\n\t\t<div class=\"elementor-element elementor-element-b1b5102 e-flex e-con-boxed e-con e-parent\" data-id=\"b1b5102\" data-element_type=\"container\" data-e-type=\"container\" data-settings=\"{&quot;background_background&quot;:&quot;classic&quot;}\">\n\t\t\t\t\t<div class=\"e-con-inner\">\n\t\t<div class=\"elementor-element elementor-element-a16cdcf e-flex e-con-boxed e-con e-child\" data-id=\"a16cdcf\" data-element_type=\"container\" data-e-type=\"container\" data-settings=\"{&quot;background_background&quot;:&quot;classic&quot;}\">\n\t\t\t\t\t<div class=\"e-con-inner\">\n\t\t\t\t<div class=\"elementor-element elementor-element-c2d59c9 elementor-widget elementor-widget-heading\" data-id=\"c2d59c9\" data-element_type=\"widget\" data-e-type=\"widget\" data-widget_type=\"heading.default\">\n\t\t\t\t<div class=\"elementor-widget-container\">\n\t\t\t\t\t<h5 class=\"elementor-heading-title elementor-size-default\">Descargar PEOPayGo on the Go ahora<\/h5>\t\t\t\t<\/div>\n\t\t\t\t<\/div>\n\t\t<div class=\"elementor-element elementor-element-7fe40d4 e-con-full e-flex e-con e-child\" data-id=\"7fe40d4\" data-element_type=\"container\" data-e-type=\"container\">\n\t\t<div class=\"elementor-element elementor-element-5b5ecc3 e-flex e-con-boxed e-con e-child\" data-id=\"5b5ecc3\" data-element_type=\"container\" data-e-type=\"container\">\n\t\t\t\t\t<div class=\"e-con-inner\">\n\t\t\t\t<div class=\"elementor-element elementor-element-d5aec07 elementor-widget elementor-widget-image\" data-id=\"d5aec07\" data-element_type=\"widget\" data-e-type=\"widget\" data-widget_type=\"image.default\">\n\t\t\t\t<div class=\"elementor-widget-container\">\n\t\t\t\t\t\t\t\t\t\t\t\t\t\t\t\t<a href=\"https:\/\/apps.apple.com\/us\/app\/p-e-o-paygo-client-mobile-app\/id1644529287\">\n\t\t\t\t\t\t\t<img decoding=\"async\" width=\"196\" height=\"58\" src=\"https:\/\/peopaygo.com\/wp-content\/uploads\/2023\/03\/App-Store.png\" class=\"attachment-full size-full wp-image-1061\" alt=\"\" title=\"App Store - PEOPayGo\" \/>\t\t\t\t\t\t\t\t<\/a>\n\t\t\t\t\t\t\t\t\t\t\t\t\t\t\t<\/div>\n\t\t\t\t<\/div>\n\t\t\t\t\t<\/div>\n\t\t\t\t<\/div>\n\t\t<div class=\"elementor-element elementor-element-0b8b488 e-flex e-con-boxed e-con e-child\" data-id=\"0b8b488\" data-element_type=\"container\" data-e-type=\"container\">\n\t\t\t\t\t<div class=\"e-con-inner\">\n\t\t\t\t<div class=\"elementor-element elementor-element-4298aac elementor-widget elementor-widget-image\" data-id=\"4298aac\" data-element_type=\"widget\" data-e-type=\"widget\" data-widget_type=\"image.default\">\n\t\t\t\t<div class=\"elementor-widget-container\">\n\t\t\t\t\t\t\t\t\t\t\t\t\t\t\t\t<a href=\"https:\/\/play.google.com\/store\/apps\/details?id=com.application.ppg\">\n\t\t\t\t\t\t\t<img decoding=\"async\" width=\"201\" height=\"58\" src=\"https:\/\/peopaygo.com\/wp-content\/uploads\/2023\/03\/play.png\" class=\"attachment-full size-full wp-image-1062\" alt=\"\" title=\"jugar - PEOPayGo\" \/>\t\t\t\t\t\t\t\t<\/a>\n\t\t\t\t\t\t\t\t\t\t\t\t\t\t\t<\/div>\n\t\t\t\t<\/div>\n\t\t\t\t\t<\/div>\n\t\t\t\t<\/div>\n\t\t\t\t<\/div>\n\t\t\t\t\t<\/div>\n\t\t\t\t<\/div>\n\t\t\t\t\t<\/div>\n\t\t\t\t<\/div>\n\t\t<div class=\"elementor-element elementor-element-de7e63b e-flex e-con-boxed e-con e-parent\" data-id=\"de7e63b\" data-element_type=\"container\" data-e-type=\"container\" data-settings=\"{&quot;background_background&quot;:&quot;classic&quot;}\">\n\t\t\t\t\t<div class=\"e-con-inner\">\n\t\t<div class=\"elementor-element elementor-element-f480524 e-con-full e-flex e-con e-child\" data-id=\"f480524\" data-element_type=\"container\" data-e-type=\"container\">\n\t\t\t\t<div class=\"elementor-element elementor-element-150bc3b elementor-widget elementor-widget-image\" data-id=\"150bc3b\" data-element_type=\"widget\" data-e-type=\"widget\" data-widget_type=\"image.default\">\n\t\t\t\t<div class=\"elementor-widget-container\">\n\t\t\t\t\t\t\t\t\t\t\t\t\t\t\t<img loading=\"lazy\" decoding=\"async\" width=\"482\" height=\"357\" src=\"https:\/\/peopaygo.com\/wp-content\/uploads\/2023\/05\/PPG-App.png\" class=\"attachment-full size-full wp-image-9136\" alt=\"\" srcset=\"https:\/\/peopaygo.com\/wp-content\/uploads\/2023\/05\/PPG-App.png 482w, https:\/\/peopaygo.com\/wp-content\/uploads\/2023\/05\/PPG-App-300x222.png 300w\" sizes=\"(max-width: 482px) 100vw, 482px\" title=\"PPG App - PEOPayGo\" \/>\t\t\t\t\t\t\t\t\t\t\t\t\t\t\t<\/div>\n\t\t\t\t<\/div>\n\t\t\t\t<\/div>\n\t\t<div class=\"elementor-element elementor-element-6034049 e-con-full e-flex e-con e-child\" data-id=\"6034049\" data-element_type=\"container\" data-e-type=\"container\">\n\t\t\t\t<div class=\"elementor-element elementor-element-1c0423e elementor-widget elementor-widget-heading\" data-id=\"1c0423e\" data-element_type=\"widget\" data-e-type=\"widget\" data-widget_type=\"heading.default\">\n\t\t\t\t<div class=\"elementor-widget-container\">\n\t\t\t\t\t<h1 class=\"elementor-heading-title elementor-size-default\">PEOPayGo en movimiento<\/h1>\t\t\t\t<\/div>\n\t\t\t\t<\/div>\n\t\t\t\t<div class=\"elementor-element elementor-element-3fe0a7d elementor-widget elementor-widget-text-editor\" data-id=\"3fe0a7d\" data-element_type=\"widget\" data-e-type=\"widget\" data-widget_type=\"text-editor.default\">\n\t\t\t\t<div class=\"elementor-widget-container\">\n\t\t\t\t\t\t\t\t\t<p>Diga adi\u00f3s al tedioso papeleo y hola a la gesti\u00f3n de n\u00f3minas sin esfuerzo con PEOPayGo on the Go.<\/p><p>Nuestra aplicaci\u00f3n m\u00f3vil le permite solicitar f\u00e1cilmente certificados, a\u00f1adir nuevos empleados, enviar hojas de horas y solicitar cambios en las formas de pago mediante formularios digitales.<\/p><p>***Nota: Esta funci\u00f3n s\u00f3lo est\u00e1 disponible para las empresas autorizadas que ya est\u00e9n plenamente integradas.<\/p>\t\t\t\t\t\t\t\t<\/div>\n\t\t\t\t<\/div>\n\t\t\t\t<\/div>\n\t\t\t\t\t<\/div>\n\t\t\t\t<\/div>\n\t\t<div class=\"elementor-element elementor-element-b0974d9 e-flex e-con-boxed e-con e-parent\" data-id=\"b0974d9\" data-element_type=\"container\" data-e-type=\"container\" data-settings=\"{&quot;shape_divider_bottom&quot;:&quot;waves&quot;}\">\n\t\t\t\t\t<div class=\"e-con-inner\">\n\t\t\t\t<div class=\"elementor-shape elementor-shape-bottom\" aria-hidden=\"true\" data-negative=\"false\">\n\t\t\t<svg xmlns=\"http:\/\/www.w3.org\/2000\/svg\" viewbox=\"0 0 1000 100\" preserveaspectratio=\"none\">\n\t<path class=\"elementor-shape-fill\" d=\"M421.9,6.5c22.6-2.5,51.5,0.4,75.5,5.3c23.6,4.9,70.9,23.5,100.5,35.7c75.8,32.2,133.7,44.5,192.6,49.7\tc23.6,2.1,48.7,3.5,103.4-2.5c54.7-6,106.2-25.6,106.2-25.6V0H0v30.3c0,0,72,32.6,158.4,30.5c39.2-0.7,92.8-6.7,134-22.4\tc21.2-8.1,52.2-18.2,79.7-24.2C399.3,7.9,411.6,7.5,421.9,6.5z\"\/>\n<\/svg>\t\t<\/div>\n\t\t<div class=\"elementor-element elementor-element-19b1b60 e-con-full e-flex e-con e-child\" data-id=\"19b1b60\" data-element_type=\"container\" data-e-type=\"container\">\n\t\t\t\t<div class=\"elementor-element elementor-element-02167be elementor-widget elementor-widget-heading\" data-id=\"02167be\" data-element_type=\"widget\" data-e-type=\"widget\" data-widget_type=\"heading.default\">\n\t\t\t\t<div class=\"elementor-widget-container\">\n\t\t\t\t\t<h2 class=\"elementor-heading-title elementor-size-default\">Caracter\u00edsticas de\nPEOPayGo en movimiento<\/h2>\t\t\t\t<\/div>\n\t\t\t\t<\/div>\n\t\t\t\t<div class=\"elementor-element elementor-element-4fc3420 elementor-icon-list--layout-traditional elementor-list-item-link-full_width elementor-widget elementor-widget-icon-list\" data-id=\"4fc3420\" data-element_type=\"widget\" data-e-type=\"widget\" data-widget_type=\"icon-list.default\">\n\t\t\t\t<div class=\"elementor-widget-container\">\n\t\t\t\t\t\t\t<ul class=\"elementor-icon-list-items\">\n\t\t\t\t\t\t\t<li class=\"elementor-icon-list-item\">\n\t\t\t\t\t\t\t\t\t\t\t<span class=\"elementor-icon-list-icon\">\n\t\t\t\t\t\t\t<svg xmlns=\"http:\/\/www.w3.org\/2000\/svg\" width=\"28\" height=\"28\" viewbox=\"0 0 28 28\" fill=\"none\"><path d=\"M1 14.125C1 15.8486 1.33949 17.5553 1.99908 19.1477C2.65867 20.7401 3.62545 22.187 4.84422 23.4058C6.06299 24.6245 7.50988 25.5913 9.10228 26.2509C10.6947 26.9105 12.4014 27.25 14.125 27.25C15.8486 27.25 17.5553 26.9105 19.1477 26.2509C20.7401 25.5913 22.187 24.6245 23.4058 23.4058C24.6245 22.187 25.5913 20.7401 26.2509 19.1477C26.9105 17.5553 27.25 15.8486 27.25 14.125C27.25 12.4014 26.9105 10.6947 26.2509 9.10228C25.5913 7.50988 24.6245 6.06299 23.4058 4.84422C22.187 3.62545 20.7401 2.65867 19.1477 1.99908C17.5553 1.33949 15.8486 1 14.125 1C12.4014 1 10.6947 1.33949 9.10228 1.99908C7.50988 2.65867 6.06299 3.62545 4.84422 4.84422C3.62545 6.06299 2.65867 7.50988 1.99908 9.10228C1.33949 10.6947 1 12.4014 1 14.125Z\" stroke=\"#42C505\" stroke-width=\"1.33333\" stroke-linecap=\"round\" stroke-linejoin=\"round\"><\/path><path d=\"M11.208 11.2087L14.1247 8.29199V19.9587\" stroke=\"#42C505\" stroke-width=\"1.33333\" stroke-linecap=\"round\" stroke-linejoin=\"round\"><\/path><\/svg>\t\t\t\t\t\t<\/span>\n\t\t\t\t\t\t\t\t\t\t<span class=\"elementor-icon-list-text\">Env\u00ede horas, incorpore nuevos empleados, solicite un certificado, solicite un cambio en el m\u00e9todo de pago y mucho m\u00e1s, todo desde su tel\u00e9fono.<\/span>\n\t\t\t\t\t\t\t\t\t<\/li>\n\t\t\t\t\t\t\t\t<li class=\"elementor-icon-list-item\">\n\t\t\t\t\t\t\t\t\t\t\t<span class=\"elementor-icon-list-icon\">\n\t\t\t\t\t\t\t<svg xmlns=\"http:\/\/www.w3.org\/2000\/svg\" width=\"29\" height=\"29\" viewbox=\"0 0 29 29\" fill=\"none\"><path d=\"M14.5 0.554688C11.7419 0.554687 9.0457 1.37257 6.75241 2.9049C4.45911 4.43723 2.67171 6.61519 1.61622 9.16336C0.56073 11.7115 0.284566 14.5155 0.822649 17.2206C1.36073 19.9257 2.68889 22.4105 4.63918 24.3608C6.58947 26.3111 9.07428 27.6393 11.7794 28.1774C14.4845 28.7154 17.2885 28.4393 19.8366 27.3838C22.3848 26.3283 24.5628 24.5409 26.0951 22.2476C27.6274 19.9543 28.4453 17.2581 28.4453 14.5C28.4381 10.8037 26.9665 7.26085 24.3528 4.64716C21.7392 2.03347 18.1963 0.561914 14.5 0.554688ZM14.5 26.8047C12.0664 26.8047 9.68738 26.083 7.66389 24.731C5.64039 23.3789 4.06327 21.4572 3.13196 19.2088C2.20064 16.9604 1.95697 14.4864 2.43175 12.0995C2.90653 9.7126 4.07844 7.52011 5.79928 5.79927C7.52012 4.07843 9.71261 2.90652 12.0995 2.43174C14.4864 1.95696 16.9604 2.20064 19.2088 3.13195C21.4572 4.06326 23.3789 5.64039 24.731 7.66388C26.083 9.68738 26.8047 12.0664 26.8047 14.5C26.8011 17.7623 25.5035 20.8899 23.1967 23.1967C20.8899 25.5035 17.7623 26.8011 14.5 26.8047ZM17.877 13.543L12.8594 20.2422H17.7813C17.9988 20.2422 18.2075 20.3286 18.3613 20.4825C18.5151 20.6363 18.6016 20.8449 18.6016 21.0625C18.6016 21.2801 18.5151 21.4887 18.3613 21.6425C18.2075 21.7964 17.9988 21.8828 17.7813 21.8828H11.2188C11.1306 21.8825 11.043 21.8687 10.959 21.8418C10.7955 21.7872 10.6534 21.6826 10.5528 21.5427C10.4522 21.4028 10.3982 21.2348 10.3984 21.0625C10.3983 20.8785 10.461 20.7001 10.5762 20.5566L16.5508 12.5723C16.8232 12.1739 16.9664 11.7013 16.9609 11.2188C16.9622 10.6498 16.7663 10.0981 16.4066 9.65729C16.0469 9.21652 15.5456 8.91399 14.988 8.80118C14.4304 8.68837 13.8509 8.77224 13.3482 9.03852C12.8454 9.30481 12.4504 9.73705 12.2305 10.2617C12.1944 10.369 12.1365 10.4677 12.0604 10.5516C11.9844 10.6354 11.8918 10.7026 11.7884 10.7489C11.6851 10.7953 11.5733 10.8197 11.4601 10.8207C11.3469 10.8217 11.2347 10.7992 11.1306 10.7547C11.0265 10.7103 10.9327 10.6447 10.8552 10.5622C10.7776 10.4797 10.718 10.382 10.68 10.2754C10.6421 10.1687 10.6266 10.0553 10.6346 9.94238C10.6426 9.82945 10.6739 9.71939 10.7266 9.61914C11.0968 8.75 11.7558 8.03531 12.592 7.59584C13.4283 7.15637 14.3907 7.01906 15.3165 7.20712C16.2423 7.39518 17.0748 7.89707 17.6733 8.62798C18.2719 9.3589 18.5998 10.274 18.6016 11.2188C18.6001 12.0363 18.3576 12.8352 17.9043 13.5156L17.877 13.543Z\" fill=\"#42C505\"><\/path><\/svg>\t\t\t\t\t\t<\/span>\n\t\t\t\t\t\t\t\t\t\t<span class=\"elementor-icon-list-text\">Gestione f\u00e1cilmente sus tareas de n\u00f3mina desde cualquier lugar y en cualquier momento.<\/span>\n\t\t\t\t\t\t\t\t\t<\/li>\n\t\t\t\t\t\t\t\t<li class=\"elementor-icon-list-item\">\n\t\t\t\t\t\t\t\t\t\t\t<span class=\"elementor-icon-list-icon\">\n\t\t\t\t\t\t\t<svg xmlns=\"http:\/\/www.w3.org\/2000\/svg\" width=\"29\" height=\"29\" viewbox=\"0 0 29 29\" fill=\"none\"><path d=\"M14.5 0.554688C11.7419 0.554687 9.0457 1.37257 6.75241 2.9049C4.45911 4.43723 2.67171 6.61519 1.61622 9.16336C0.56073 11.7115 0.284566 14.5155 0.822649 17.2206C1.36073 19.9257 2.68889 22.4105 4.63918 24.3608C6.58947 26.3111 9.07428 27.6393 11.7794 28.1774C14.4845 28.7154 17.2885 28.4393 19.8366 27.3838C22.3848 26.3283 24.5628 24.5409 26.0951 22.2476C27.6274 19.9543 28.4453 17.2581 28.4453 14.5C28.4381 10.8037 26.9665 7.26085 24.3528 4.64716C21.7392 2.03347 18.1963 0.561914 14.5 0.554688ZM14.5 26.8047C12.0664 26.8047 9.68738 26.083 7.66389 24.731C5.64039 23.3789 4.06327 21.4572 3.13196 19.2088C2.20064 16.9604 1.95697 14.4864 2.43175 12.0995C2.90653 9.7126 4.07844 7.52011 5.79928 5.79927C7.52012 4.07843 9.71261 2.90652 12.0995 2.43174C14.4864 1.95696 16.9604 2.20064 19.2088 3.13195C21.4572 4.06326 23.3789 5.64039 24.731 7.66388C26.083 9.68738 26.8047 12.0664 26.8047 14.5C26.8011 17.7623 25.5035 20.8899 23.1967 23.1967C20.8899 25.5035 17.7623 26.8011 14.5 26.8047ZM17.2344 14.5C18.1046 15.3702 18.5935 16.5505 18.5935 17.7812C18.5935 19.012 18.1046 20.1923 17.2344 21.0625C16.3641 21.9327 15.1838 22.4216 13.9531 22.4216C12.7224 22.4216 11.5421 21.9327 10.6719 21.0625C10.5965 20.9871 10.5367 20.8976 10.4958 20.799C10.455 20.7005 10.434 20.5949 10.434 20.4883C10.434 20.3816 10.455 20.276 10.4958 20.1775C10.5367 20.079 10.5965 19.9895 10.6719 19.9141C10.7473 19.8387 10.8368 19.7788 10.9353 19.738C11.0339 19.6972 11.1395 19.6762 11.2461 19.6762C11.3527 19.6762 11.4583 19.6972 11.5569 19.738C11.6554 19.7788 11.7449 19.8387 11.8203 19.9141C12.1702 20.2696 12.6026 20.533 13.079 20.6807C13.5554 20.8285 14.061 20.856 14.5506 20.7608C15.0403 20.6656 15.4987 20.4507 15.8851 20.1352C16.2714 19.8197 16.5737 19.4135 16.7648 18.9527C16.956 18.492 17.0301 17.9911 16.9805 17.4948C16.931 16.9985 16.7594 16.5221 16.4809 16.1083C16.2025 15.6944 15.826 15.3559 15.3849 15.123C14.9438 14.8901 14.4519 14.77 13.9531 14.7734C13.8037 14.7748 13.6568 14.7346 13.5288 14.6574C13.4009 14.5801 13.2969 14.4688 13.2285 14.3359C13.1563 14.204 13.1231 14.0543 13.1328 13.9042C13.1425 13.7541 13.1946 13.6098 13.2832 13.4883L16.209 9.30469H11.2188C11.0012 9.30469 10.7925 9.21826 10.6387 9.06442C10.4849 8.91058 10.3984 8.70194 10.3984 8.48438C10.3984 8.26681 10.4849 8.05817 10.6387 7.90433C10.7925 7.75049 11.0012 7.66406 11.2188 7.66406H17.7813C17.9307 7.6627 18.0776 7.70288 18.2056 7.78013C18.3335 7.85739 18.4375 7.96867 18.5059 8.10156C18.5781 8.23349 18.6113 8.38324 18.6016 8.53333C18.5919 8.68342 18.5397 8.82766 18.4512 8.94922L15.375 13.3516C16.08 13.5752 16.7188 13.9697 17.2344 14.5Z\" fill=\"#42C505\"><\/path><\/svg>\t\t\t\t\t\t<\/span>\n\t\t\t\t\t\t\t\t\t\t<span class=\"elementor-icon-list-text\">Ahorre tiempo con procesos automatizados y c\u00e1lculos precisos.<\/span>\n\t\t\t\t\t\t\t\t\t<\/li>\n\t\t\t\t\t\t<\/ul>\n\t\t\t\t\t\t<\/div>\n\t\t\t\t<\/div>\n\t\t\t\t<\/div>\n\t\t<div class=\"elementor-element elementor-element-ecf25fd e-con-full e-flex e-con e-child\" data-id=\"ecf25fd\" data-element_type=\"container\" data-e-type=\"container\">\n\t\t\t\t<div class=\"elementor-element elementor-element-3868b68 elementor-widget elementor-widget-image\" data-id=\"3868b68\" data-element_type=\"widget\" data-e-type=\"widget\" data-widget_type=\"image.default\">\n\t\t\t\t<div class=\"elementor-widget-container\">\n\t\t\t\t\t\t\t\t\t\t\t\t\t\t\t<img loading=\"lazy\" decoding=\"async\" width=\"640\" height=\"1290\" src=\"https:\/\/peopaygo.com\/wp-content\/uploads\/2025\/11\/iPhone-16-1.png\" class=\"attachment-full size-full wp-image-17707\" alt=\"\" srcset=\"https:\/\/peopaygo.com\/wp-content\/uploads\/2025\/11\/iPhone-16-1.png 640w, https:\/\/peopaygo.com\/wp-content\/uploads\/2025\/11\/iPhone-16-1-149x300.png 149w, https:\/\/peopaygo.com\/wp-content\/uploads\/2025\/11\/iPhone-16-1-508x1024.png 508w, https:\/\/peopaygo.com\/wp-content\/uploads\/2025\/11\/iPhone-16-1-6x12.png 6w\" sizes=\"(max-width: 640px) 100vw, 640px\" title=\"iPhone 16 1 - PEOPayGo\" \/>\t\t\t\t\t\t\t\t\t\t\t\t\t\t\t<\/div>\n\t\t\t\t<\/div>\n\t\t\t\t<\/div>\n\t\t\t\t\t<\/div>\n\t\t\t\t<\/div>\n\t\t<div class=\"elementor-element elementor-element-0a3bd47 e-flex e-con-boxed e-con e-parent\" data-id=\"0a3bd47\" data-element_type=\"container\" data-e-type=\"container\">\n\t\t\t\t\t<div class=\"e-con-inner\">\n\t\t\t\t<div class=\"elementor-element elementor-element-96fdb47 elementor-widget elementor-widget-heading\" data-id=\"96fdb47\" data-element_type=\"widget\" data-e-type=\"widget\" data-widget_type=\"heading.default\">\n\t\t\t\t<div class=\"elementor-widget-container\">\n\t\t\t\t\t<h3 class=\"elementor-heading-title elementor-size-default\">Comience a utilizar PEOPayGo on the Go hoy mismo<\/h3>\t\t\t\t<\/div>\n\t\t\t\t<\/div>\n\t\t\t\t<div class=\"elementor-element elementor-element-b259a63 elementor-widget elementor-widget-heading\" data-id=\"b259a63\" data-element_type=\"widget\" data-e-type=\"widget\" data-widget_type=\"heading.default\">\n\t\t\t\t<div class=\"elementor-widget-container\">\n\t\t\t\t\t<p class=\"elementor-heading-title elementor-size-default\">Es f\u00e1cil empezar a utilizar PEOPayGo on the Go. Solo tiene que descargar la aplicaci\u00f3n de App Store o Google Play Store, crear una cuenta con los datos de su empresa y empezar a utilizarla de inmediato. Si necesita ayuda para empezar, consulte nuestro completo Centro de Ayuda, donde encontrar\u00e1 orientaci\u00f3n sobre c\u00f3mo utilizar la aplicaci\u00f3n, registrarse y enviar cualquiera de los formularios.<\/p>\t\t\t\t<\/div>\n\t\t\t\t<\/div>\n\t\t\t\t<div class=\"elementor-element elementor-element-0796c95 elementor-widget elementor-widget-image\" data-id=\"0796c95\" data-element_type=\"widget\" data-e-type=\"widget\" data-widget_type=\"image.default\">\n\t\t\t\t<div class=\"elementor-widget-container\">\n\t\t\t\t\t\t\t\t\t\t\t\t\t\t\t<img loading=\"lazy\" decoding=\"async\" width=\"2463\" height=\"2205\" src=\"https:\/\/peopaygo.com\/wp-content\/uploads\/2025\/11\/Group-1484578630-6.png\" class=\"attachment-full size-full wp-image-17708\" alt=\"\" srcset=\"https:\/\/peopaygo.com\/wp-content\/uploads\/2025\/11\/Group-1484578630-6.png 2463w, https:\/\/peopaygo.com\/wp-content\/uploads\/2025\/11\/Group-1484578630-6-300x269.png 300w, https:\/\/peopaygo.com\/wp-content\/uploads\/2025\/11\/Group-1484578630-6-1024x917.png 1024w, https:\/\/peopaygo.com\/wp-content\/uploads\/2025\/11\/Group-1484578630-6-768x688.png 768w, https:\/\/peopaygo.com\/wp-content\/uploads\/2025\/11\/Group-1484578630-6-1536x1375.png 1536w, https:\/\/peopaygo.com\/wp-content\/uploads\/2025\/11\/Group-1484578630-6-2048x1833.png 2048w, https:\/\/peopaygo.com\/wp-content\/uploads\/2025\/11\/Group-1484578630-6-13x12.png 13w\" sizes=\"(max-width: 2463px) 100vw, 2463px\" title=\"Grupo 1484578630 6 - PEOPayGo\" \/>\t\t\t\t\t\t\t\t\t\t\t\t\t\t\t<\/div>\n\t\t\t\t<\/div>\n\t\t\t\t\t<\/div>\n\t\t\t\t<\/div>\n\t\t\t\t<\/div>","protected":false},"excerpt":{"rendered":"<p>Lleve su negocio sobre la marcha. Descargue PEOPayGo on the Go ahora PEOPayGo on the Go Diga adi\u00f3s al tedioso papeleo y hola a la gesti\u00f3n de n\u00f3minas sin esfuerzo con PEOPayGo on the Go. Nuestra aplicaci\u00f3n m\u00f3vil le permite solicitar f\u00e1cilmente certificados, a\u00f1adir nuevos empleados, enviar hojas de horas y solicitar cambios en la forma de pago mediante formularios digitales. ... <a href=\"https:\/\/peopaygo.com\/es\/download-mobile-payroll-app\/\">Contin\u00faa en<\/a><\/p>","protected":false},"author":1,"featured_media":0,"parent":0,"menu_order":0,"comment_status":"closed","ping_status":"closed","template":"","meta":{"inline_featured_image":false,"footnotes":""},"class_list":["post-9132","page","type-page","status-publish","hentry"],"aioseo_notices":[],"_links":{"self":[{"href":"https:\/\/peopaygo.com\/es\/wp-json\/wp\/v2\/pages\/9132","targetHints":{"allow":["GET"]}}],"collection":[{"href":"https:\/\/peopaygo.com\/es\/wp-json\/wp\/v2\/pages"}],"about":[{"href":"https:\/\/peopaygo.com\/es\/wp-json\/wp\/v2\/types\/page"}],"author":[{"embeddable":true,"href":"https:\/\/peopaygo.com\/es\/wp-json\/wp\/v2\/users\/1"}],"replies":[{"embeddable":true,"href":"https:\/\/peopaygo.com\/es\/wp-json\/wp\/v2\/comments?post=9132"}],"version-history":[{"count":139,"href":"https:\/\/peopaygo.com\/es\/wp-json\/wp\/v2\/pages\/9132\/revisions"}],"predecessor-version":[{"id":17711,"href":"https:\/\/peopaygo.com\/es\/wp-json\/wp\/v2\/pages\/9132\/revisions\/17711"}],"wp:attachment":[{"href":"https:\/\/peopaygo.com\/es\/wp-json\/wp\/v2\/media?parent=9132"}],"curies":[{"name":"wp","href":"https:\/\/api.w.org\/{rel}","templated":true}]}}